{"id":24254,"date":"2025-03-04T15:30:16","date_gmt":"2025-03-04T14:30:16","guid":{"rendered":"https:\/\/qooant.com\/all-courses\/"},"modified":"2025-03-09T15:11:51","modified_gmt":"2025-03-09T14:11:51","slug":"articles-didactics","status":"publish","type":"page","link":"https:\/\/qooant.com\/ca\/articles-didactics\/","title":{"rendered":"Articles did\u00e0ctics"},"content":{"rendered":"\t\t<div data-elementor-type=\"wp-page\" data-elementor-id=\"24254\" class=\"elementor elementor-24254\">\n\t\t\t\t<div class=\"elementor-element elementor-element-a5f54f9 e-flex e-con-boxed e-con e-parent\" data-id=\"a5f54f9\" data-element_type=\"container\">\n\t\t\t\t\t<div class=\"e-con-inner\">\n\t\t<div class=\"elementor-element elementor-element-d9659b4 e-con-full e-flex e-con e-child\" data-id=\"d9659b4\" data-element_type=\"container\">\n\t\t\t\t<div class=\"elementor-element elementor-element-5842544 elementor-widget__width-auto elementor-widget elementor-widget-heading\" data-id=\"5842544\" data-element_type=\"widget\" data-widget_type=\"heading.default\">\n\t\t\t\t<div class=\"elementor-widget-container\">\n\t\t\t\t\t<h1 class=\"elementor-heading-title elementor-size-default\">Art\u00edcles did\u00e0ctics<\/h1>\t\t\t\t<\/div>\n\t\t\t\t<\/div>\n\t\t\t\t<div class=\"elementor-element elementor-element-b4ac266 elementor-absolute elementor-widget elementor-widget-image\" data-id=\"b4ac266\" data-element_type=\"widget\" data-settings=\"{&quot;_position&quot;:&quot;absolute&quot;}\" data-widget_type=\"image.default\">\n\t\t\t\t<div class=\"elementor-widget-container\">\n\t\t\t\t\t\t\t\t\t\t\t\t\t\t\t<img fetchpriority=\"high\" decoding=\"async\" width=\"400\" height=\"192\" src=\"https:\/\/qooant.com\/wp-content\/uploads\/2020\/10\/pattern.png\" class=\"attachment-large size-large wp-image-77\" alt=\"\" \/>\t\t\t\t\t\t\t\t\t\t\t\t\t\t\t<\/div>\n\t\t\t\t<\/div>\n\t\t\t\t<div class=\"elementor-element elementor-element-2698899 elementor-widget elementor-widget-text-editor\" data-id=\"2698899\" data-element_type=\"widget\" data-widget_type=\"text-editor.default\">\n\t\t\t\t<div class=\"elementor-widget-container\">\n\t\t\t\t\t\t\t\t\t<p>Aqu\u00ed trobar\u00e0s articles did\u00e0ctics i recursos pr\u00e0ctics pensats per ajudar-te a comprendre millor el m\u00f3n de les finances i, sobretot, els riscos associats a les teves inversions.<\/p>\t\t\t\t\t\t\t\t<\/div>\n\t\t\t\t<\/div>\n\t\t\t\t<\/div>\n\t\t\t\t\t<\/div>\n\t\t\t\t<\/div>\n\t\t<div class=\"elementor-element elementor-element-2ae7885 e-flex e-con-boxed e-con e-parent\" data-id=\"2ae7885\" data-element_type=\"container\">\n\t\t\t\t\t<div class=\"e-con-inner\">\n\t\t<div class=\"elementor-element elementor-element-c42133b e-con-full e-flex e-con e-child\" data-id=\"c42133b\" data-element_type=\"container\">\n\t\t\t\t<div class=\"elementor-element elementor-element-a59cae9 elementor-widget elementor-widget-heading\" data-id=\"a59cae9\" data-element_type=\"widget\" data-widget_type=\"heading.default\">\n\t\t\t\t<div class=\"elementor-widget-container\">\n\t\t\t\t\t<h2 class=\"elementor-heading-title elementor-size-default\">Apr\u00e8n a entendre els riscos financers<\/h2>\t\t\t\t<\/div>\n\t\t\t\t<\/div>\n\t\t\t\t<div class=\"elementor-element elementor-element-9241a07 elementor-widget elementor-widget-text-editor\" data-id=\"9241a07\" data-element_type=\"widget\" data-widget_type=\"text-editor.default\">\n\t\t\t\t<div class=\"elementor-widget-container\">\n\t\t\t\t\t\t\t\t\t<p>A qooant.com, creiem que prendre decisions informades \u00e9s clau per a qualsevol petit inversor. Per aix\u00f2, publiquem contingut clar i accessible que t&#8217;ajudar\u00e0 a:<\/p><ul><li>\u00a0<strong>Identificar riscos<\/strong>: Ent\u00e9n com factors com les fusions, adquisicions, o not\u00edcies<br \/>econ\u00f2miques poden afectar els teus actius.<\/li><li><strong>Interpretar tend\u00e8ncies<\/strong>: Analitza el comportament del mercat amb exemples<br \/>concrets i casos reals.<\/li><li>Millorar els teus <strong>coneixements financers<\/strong>: A trav\u00e9s d\u2019articles sobre productes<br \/>d\u2019inversi\u00f3, consells pr\u00e0ctics i conceptes fonamentals.<br \/>La informaci\u00f3 \u00e9s poder, i nosaltres t\u2019oferim les eines per navegar amb confian\u00e7a en un<br \/>entorn financer en constant canvi.<\/li><\/ul>\t\t\t\t\t\t\t\t<\/div>\n\t\t\t\t<\/div>\n\t\t\t\t<\/div>\n\t\t\t\t\t<\/div>\n\t\t\t\t<\/div>\n\t\t<div class=\"elementor-element elementor-element-5a541d9 e-flex e-con-boxed e-con e-parent\" data-id=\"5a541d9\" data-element_type=\"container\" data-settings=\"{&quot;background_background&quot;:&quot;classic&quot;}\">\n\t\t\t\t\t<div class=\"e-con-inner\">\n\t\t\t\t<div class=\"elementor-element elementor-element-143a915 elementor-absolute elementor-widget elementor-widget-image\" data-id=\"143a915\" data-element_type=\"widget\" data-settings=\"{&quot;_position&quot;:&quot;absolute&quot;}\" data-widget_type=\"image.default\">\n\t\t\t\t<div class=\"elementor-widget-container\">\n\t\t\t\t\t\t\t\t\t\t\t\t\t\t\t<img decoding=\"async\" width=\"200\" height=\"489\" src=\"https:\/\/qooant.com\/wp-content\/uploads\/2020\/10\/pattern-v-1.png\" class=\"attachment-large size-large wp-image-145\" alt=\"\" srcset=\"https:\/\/qooant.com\/wp-content\/uploads\/2020\/10\/pattern-v-1.png 200w, https:\/\/qooant.com\/wp-content\/uploads\/2020\/10\/pattern-v-1-123x300.png 123w\" sizes=\"(max-width: 200px) 100vw, 200px\" \/>\t\t\t\t\t\t\t\t\t\t\t\t\t\t\t<\/div>\n\t\t\t\t<\/div>\n\t\t<div class=\"elementor-element elementor-element-e366ead e-con-full e-flex e-con e-child\" data-id=\"e366ead\" data-element_type=\"container\">\n\t\t\t\t<div class=\"elementor-element elementor-element-b4a1258 elementor-widget elementor-widget-elementskit-blog-posts\" data-id=\"b4a1258\" data-element_type=\"widget\" data-widget_type=\"elementskit-blog-posts.default\">\n\t\t\t\t<div class=\"elementor-widget-container\">\n\t\t\t\t\t<div class=\"ekit-wid-con\" >        <div id=\"post-items--b4a1258\" class=\"row post-items\">\n                    <div class=\"col-lg-4 col-md-6\">\n\n                                    <div class=\"elementskit-post-image-card\">\n                        <div class=\"elementskit-entry-header\">\n                                                            <a href=\"https:\/\/qooant.com\/ca\/el-perque-de-lus-de-la-distribucio-normal\/\" class=\"elementskit-entry-thumb\">\n                                    <img decoding=\"async\" src=\"https:\/\/qooant.com\/wp-content\/uploads\/2025\/03\/dist.normal.png\" alt=\"El perqu\u00e8 de l&#8217;us de la distribuci\u00f3 normal\">\n                                <\/a><!-- .elementskit-entry-thumb END -->\n                                                            \n                            \n\t\t\t\t\t\t\t\t\t\t\t\t\t<\/div><!-- .elementskit-entry-header END -->\n\n\t\t\t\t\t\t<div class=\"elementskit-post-body \">\n\t\t\t\t\t\t\t\n\t\t\t\t\t\t\t\t\t\t\t\t\t\t\t\t\t\t\t\t\t\t\t\t\t\n\t\t\t\t\t\t\t\t\n\t\t\t\t\t\t\t\t\t\t\t\t\t\t\t\t\t\t\t\t\t<h2 class=\"entry-title\">\n\t\t\t\t\t<a href=\"https:\/\/qooant.com\/ca\/el-perque-de-lus-de-la-distribucio-normal\/\">\n\t\t\t\t\t\tEl perqu\u00e8 de l&#8217;us de la distribuci\u00f3 normal\t\t\t\t\t<\/a>\n\t\t\t\t<\/h2>\n\t\t\t\t\t\t\t\t\t\t\t\t\t\t\t\t\t\t\t\t\t\t\t\t\t\t\t\t\t\t\t\t\t\t\t\t\t\t\t\t\t\t<p>L&#8217;an\u00e0lisi quantitativa dels mercats financers sovint assumeix que els preus o els retorns dels actius segueixen una distribuci\u00f3 normal. Aquesta&hellip;<\/p>\n\t\t\t\t\t\t\t\t\t\t\t\t\t\t\t\t\t\t\t\t\t\t                                                    <\/div><!-- .elementskit-post-body END -->\n                    <\/div>\n                \n            <\/div>\n                    <div class=\"col-lg-4 col-md-6\">\n\n                                    <div class=\"elementskit-post-image-card\">\n                        <div class=\"elementskit-entry-header\">\n                                                            <a href=\"https:\/\/qooant.com\/ca\/tipus-danalisis-mes-usuals\/\" class=\"elementskit-entry-thumb\">\n                                    <img decoding=\"async\" src=\"https:\/\/qooant.com\/wp-content\/uploads\/2025\/03\/analys.png\" alt=\"Tipus d&#8217;an\u00e0lisis m\u00e9s usuals\">\n                                <\/a><!-- .elementskit-entry-thumb END -->\n                                                            \n                            \n\t\t\t\t\t\t\t\t\t\t\t\t\t<\/div><!-- .elementskit-entry-header END -->\n\n\t\t\t\t\t\t<div class=\"elementskit-post-body \">\n\t\t\t\t\t\t\t\n\t\t\t\t\t\t\t\t\t\t\t\t\t\t\t\t\t\t\t\t\t\t\t\t\t\n\t\t\t\t\t\t\t\t\n\t\t\t\t\t\t\t\t\t\t\t\t\t\t\t\t\t\t\t\t\t<h2 class=\"entry-title\">\n\t\t\t\t\t<a href=\"https:\/\/qooant.com\/ca\/tipus-danalisis-mes-usuals\/\">\n\t\t\t\t\t\tTipus d&#8217;an\u00e0lisis m\u00e9s usuals\t\t\t\t\t<\/a>\n\t\t\t\t<\/h2>\n\t\t\t\t\t\t\t\t\t\t\t\t\t\t\t\t\t\t\t\t\t\t\t\t\t\t\t\t\t\t\t\t\t\t\t\t\t\t\t\t\t\t<p>An\u00e0lisis t\u00e8cnic L&#8217;an\u00e0lisi t\u00e8cnic \u00e9s una metodologia utilitzada en la investigaci\u00f3 financera que es centra en l&#8217;estudi dels moviments de&hellip;<\/p>\n\t\t\t\t\t\t\t\t\t\t\t\t\t\t\t\t\t\t\t\t\t\t                                                    <\/div><!-- .elementskit-post-body END -->\n                    <\/div>\n                \n            <\/div>\n                    <div class=\"col-lg-4 col-md-6\">\n\n                                    <div class=\"elementskit-post-image-card\">\n                        <div class=\"elementskit-entry-header\">\n                                                            <a href=\"https:\/\/qooant.com\/ca\/tipus-brokers\/\" class=\"elementskit-entry-thumb\">\n                                    <img decoding=\"async\" src=\"https:\/\/qooant.com\/wp-content\/uploads\/2025\/03\/tipus-brokers.png\" alt=\"Tipus de brokers del mercat minorista\">\n                                <\/a><!-- .elementskit-entry-thumb END -->\n                                                            \n                            \n\t\t\t\t\t\t\t\t\t\t\t\t\t<\/div><!-- .elementskit-entry-header END -->\n\n\t\t\t\t\t\t<div class=\"elementskit-post-body \">\n\t\t\t\t\t\t\t\n\t\t\t\t\t\t\t\t\t\t\t\t\t\t\t\t\t\t\t\t\t\t\t\t\t\n\t\t\t\t\t\t\t\t\n\t\t\t\t\t\t\t\t\t\t\t\t\t\t\t\t\t\t\t\t\t<h2 class=\"entry-title\">\n\t\t\t\t\t<a href=\"https:\/\/qooant.com\/ca\/tipus-brokers\/\">\n\t\t\t\t\t\tTipus de brokers del mercat minorista\t\t\t\t\t<\/a>\n\t\t\t\t<\/h2>\n\t\t\t\t\t\t\t\t\t\t\t\t\t\t\t\t\t\t\t\t\t\t\t\t\t\t\t\t\t\t\t\t\t\t\t\t\t\t\t\t\t\t<p>En el m\u00f3n del trading, hi ha una \u00e0mplia varietat de brokers disponibles per als traders minoristes. Tot i aix\u00f2,&hellip;<\/p>\n\t\t\t\t\t\t\t\t\t\t\t\t\t\t\t\t\t\t\t\t\t\t                                                    <\/div><!-- .elementskit-post-body END -->\n                    <\/div>\n                \n            <\/div>\n                    <div class=\"col-lg-4 col-md-6\">\n\n                                    <div class=\"elementskit-post-image-card\">\n                        <div class=\"elementskit-entry-header\">\n                                                            <a href=\"https:\/\/qooant.com\/ca\/lognormal\/\" class=\"elementskit-entry-thumb\">\n                                    <img decoding=\"async\" src=\"https:\/\/qooant.com\/wp-content\/uploads\/2025\/03\/logNormal.png\" alt=\"Distribuci\u00f3 normal i lognormal\">\n                                <\/a><!-- .elementskit-entry-thumb END -->\n                                                            \n                            \n\t\t\t\t\t\t\t\t\t\t\t\t\t<\/div><!-- .elementskit-entry-header END -->\n\n\t\t\t\t\t\t<div class=\"elementskit-post-body \">\n\t\t\t\t\t\t\t\n\t\t\t\t\t\t\t\t\t\t\t\t\t\t\t\t\t\t\t\t\t\t\t\t\t\n\t\t\t\t\t\t\t\t\n\t\t\t\t\t\t\t\t\t\t\t\t\t\t\t\t\t\t\t\t\t<h2 class=\"entry-title\">\n\t\t\t\t\t<a href=\"https:\/\/qooant.com\/ca\/lognormal\/\">\n\t\t\t\t\t\tDistribuci\u00f3 normal i lognormal\t\t\t\t\t<\/a>\n\t\t\t\t<\/h2>\n\t\t\t\t\t\t\t\t\t\t\t\t\t\t\t\t\t\t\t\t\t\t\t\t\t\t\t\t\t\t\t\t\t\t\t\t\t\t\t\t\t\t<p>Per a explicar aquest apartat partirem d\u2019un cas pr\u00e0ctic: Agafem com a exemple el moviment de l\u2019EURUSD i triem com&hellip;<\/p>\n\t\t\t\t\t\t\t\t\t\t\t\t\t\t\t\t\t\t\t\t\t\t                                                    <\/div><!-- .elementskit-post-body END -->\n                    <\/div>\n                \n            <\/div>\n                    <div class=\"col-lg-4 col-md-6\">\n\n                                    <div class=\"elementskit-post-image-card\">\n                        <div class=\"elementskit-entry-header\">\n                                                            <a href=\"https:\/\/qooant.com\/ca\/cfd\/\" class=\"elementskit-entry-thumb\">\n                                    <img decoding=\"async\" src=\"https:\/\/qooant.com\/wp-content\/uploads\/2025\/03\/qooant.mans_.png\" alt=\"Cinc c\u00e8ntims sobre els CFDs\">\n                                <\/a><!-- .elementskit-entry-thumb END -->\n                                                            \n                            \n\t\t\t\t\t\t\t\t\t\t\t\t\t<\/div><!-- .elementskit-entry-header END -->\n\n\t\t\t\t\t\t<div class=\"elementskit-post-body \">\n\t\t\t\t\t\t\t\n\t\t\t\t\t\t\t\t\t\t\t\t\t\t\t\t\t\t\t\t\t\t\t\t\t\n\t\t\t\t\t\t\t\t\n\t\t\t\t\t\t\t\t\t\t\t\t\t\t\t\t\t\t\t\t\t<h2 class=\"entry-title\">\n\t\t\t\t\t<a href=\"https:\/\/qooant.com\/ca\/cfd\/\">\n\t\t\t\t\t\tCinc c\u00e8ntims sobre els CFDs\t\t\t\t\t<\/a>\n\t\t\t\t<\/h2>\n\t\t\t\t\t\t\t\t\t\t\t\t\t\t\t\t\t\t\t\t\t\t\t\t\t\t\t\t\t\t\t\t\t\t\t\t\t\t\t\t\t\t<p>Per a poder operar acudim en general a un broker minorista. \u00c9s el tipus de broker que t\u00e9 com a&hellip;<\/p>\n\t\t\t\t\t\t\t\t\t\t\t\t\t\t\t\t\t\t\t\t\t\t                                                    <\/div><!-- .elementskit-post-body END -->\n                    <\/div>\n                \n            <\/div>\n                <\/div>\n       <\/div>\t\t\t\t<\/div>\n\t\t\t\t<\/div>\n\t\t\t\t<\/div>\n\t\t\t\t\t<\/div>\n\t\t\t\t<\/div>\n\t\t\t\t<\/div>\n\t\t","protected":false},"excerpt":{"rendered":"<p>Art\u00edcles did\u00e0ctics Aqu\u00ed trobar\u00e0s articles did\u00e0ctics i recursos pr\u00e0ctics pensats per ajudar-te a comprendre millor el m\u00f3n de les finances i, sobretot, els riscos associats a les teves inversions. Apr\u00e8n a entendre els riscos financers A qooant.com, creiem que prendre decisions informades \u00e9s clau per a qualsevol petit inversor. Per aix\u00f2, publiquem contingut clar i [&hellip;]<\/p>\n","protected":false},"author":1,"featured_media":0,"parent":0,"menu_order":0,"comment_status":"closed","ping_status":"closed","template":"","meta":{"site-sidebar-layout":"no-sidebar","site-content-layout":"page-builder","ast-site-content-layout":"full-width-container","site-content-style":"unboxed","site-sidebar-style":"unboxed","ast-global-header-display":"","ast-banner-title-visibility":"","ast-main-header-display":"","ast-hfb-above-header-display":"","ast-hfb-below-header-display":"","ast-hfb-mobile-header-display":"","site-post-title":"disabled","ast-breadcrumbs-content":"","ast-featured-img":"disabled","footer-sml-layout":"","theme-transparent-header-meta":"default","adv-header-id-meta":"","stick-header-meta":"","header-above-stick-meta":"","header-main-stick-meta":"","header-below-stick-meta":"","astra-migrate-meta-layouts":"set","ast-page-background-enabled":"default","ast-page-background-meta":{"desktop":{"background-color":"","background-image":"","background-repeat":"repeat","background-position":"center center","background-size":"auto","background-attachment":"scroll","background-type":"","background-media":"","overlay-type":"","overlay-color":"","overlay-opacity":"","overlay-gradient":""},"tablet":{"background-color":"","background-image":"","background-repeat":"repeat","background-position":"center center","background-size":"auto","background-attachment":"scroll","background-type":"","background-media":"","overlay-type":"","overlay-color":"","overlay-opacity":"","overlay-gradient":""},"mobile":{"background-color":"","background-image":"","background-repeat":"repeat","background-position":"center center","background-size":"auto","background-attachment":"scroll","background-type":"","background-media":"","overlay-type":"","overlay-color":"","overlay-opacity":"","overlay-gradient":""}},"ast-content-background-meta":{"desktop":{"background-color":"var(--ast-global-color-5)","background-image":"","background-repeat":"repeat","background-position":"center center","background-size":"auto","background-attachment":"scroll","background-type":"","background-media":"","overlay-type":"","overlay-color":"","overlay-opacity":"","overlay-gradient":""},"tablet":{"background-color":"var(--ast-global-color-5)","background-image":"","background-repeat":"repeat","background-position":"center center","background-size":"auto","background-attachment":"scroll","background-type":"","background-media":"","overlay-type":"","overlay-color":"","overlay-opacity":"","overlay-gradient":""},"mobile":{"background-color":"var(--ast-global-color-5)","background-image":"","background-repeat":"repeat","background-position":"center center","background-size":"auto","background-attachment":"scroll","background-type":"","background-media":"","overlay-type":"","overlay-color":"","overlay-opacity":"","overlay-gradient":""}},"footnotes":""},"class_list":["post-24254","page","type-page","status-publish","hentry"],"_links":{"self":[{"href":"https:\/\/qooant.com\/ca\/wp-json\/wp\/v2\/pages\/24254","targetHints":{"allow":["GET"]}}],"collection":[{"href":"https:\/\/qooant.com\/ca\/wp-json\/wp\/v2\/pages"}],"about":[{"href":"https:\/\/qooant.com\/ca\/wp-json\/wp\/v2\/types\/page"}],"author":[{"embeddable":true,"href":"https:\/\/qooant.com\/ca\/wp-json\/wp\/v2\/users\/1"}],"replies":[{"embeddable":true,"href":"https:\/\/qooant.com\/ca\/wp-json\/wp\/v2\/comments?post=24254"}],"version-history":[{"count":57,"href":"https:\/\/qooant.com\/ca\/wp-json\/wp\/v2\/pages\/24254\/revisions"}],"predecessor-version":[{"id":25710,"href":"https:\/\/qooant.com\/ca\/wp-json\/wp\/v2\/pages\/24254\/revisions\/25710"}],"wp:attachment":[{"href":"https:\/\/qooant.com\/ca\/wp-json\/wp\/v2\/media?parent=24254"}],"curies":[{"name":"wp","href":"https:\/\/api.w.org\/{rel}","templated":true}]}}