{"id":24893,"date":"2025-03-04T16:43:06","date_gmt":"2025-03-04T15:43:06","guid":{"rendered":"https:\/\/qooant.com\/?page_id=24893"},"modified":"2025-12-23T13:02:34","modified_gmt":"2025-12-23T12:02:34","slug":"politica-de-privacitat","status":"publish","type":"page","link":"https:\/\/qooant.com\/ca\/politica-de-privacitat\/","title":{"rendered":"Pol\u00edtica de Privacitat"},"content":{"rendered":"\t\t<div data-elementor-type=\"wp-page\" data-elementor-id=\"24893\" class=\"elementor elementor-24893\">\n\t\t\t\t<div class=\"elementor-element elementor-element-a0a1caf e-flex e-con-boxed e-con e-parent\" data-id=\"a0a1caf\" data-element_type=\"container\">\n\t\t\t\t\t<div class=\"e-con-inner\">\n\t\t\t\t<div class=\"elementor-element elementor-element-73376b2 elementor-widget elementor-widget-heading\" data-id=\"73376b2\" data-element_type=\"widget\" data-widget_type=\"heading.default\">\n\t\t\t\t<div class=\"elementor-widget-container\">\n\t\t\t\t\t<h2 class=\"elementor-heading-title elementor-size-default\">Pol\u00edtica de privacitat<\/h2>\t\t\t\t<\/div>\n\t\t\t\t<\/div>\n\t\t\t\t\t<\/div>\n\t\t\t\t<\/div>\n\t\t<div class=\"elementor-element elementor-element-d76c08e e-flex e-con-boxed e-con e-parent\" data-id=\"d76c08e\" data-element_type=\"container\">\n\t\t\t\t\t<div class=\"e-con-inner\">\n\t\t\t\t<div class=\"elementor-element elementor-element-ae4e5b5 elementor-widget elementor-widget-text-editor\" data-id=\"ae4e5b5\" data-element_type=\"widget\" data-widget_type=\"text-editor.default\">\n\t\t\t\t<div class=\"elementor-widget-container\">\n\t\t\t\t\t\t\t\t\t<p><strong style=\"font-style: inherit; text-align: var(--text-align); background-color: var(--ast-global-color-4); color: var(--ast-global-color-3);\">1. Responsable del tractament de dades<\/strong><span style=\"font-style: inherit; font-weight: inherit; text-align: var(--text-align); background-color: var(--ast-global-color-4); color: var(--ast-global-color-3);\"> D&#8217;acord amb la normativa de protecci\u00f3 de dades vigent, s&#8217;informa que el responsable del tractament de les dades recollides a trav\u00e9s del lloc web <\/span><strong style=\"font-style: inherit; text-align: var(--text-align); background-color: var(--ast-global-color-4); color: var(--ast-global-color-3);\">qooant.com<\/strong><span style=\"font-style: inherit; font-weight: inherit; text-align: var(--text-align); background-color: var(--ast-global-color-4); color: var(--ast-global-color-3);\"> (d&#8217;ara endavant, &#8220;el Lloc Web&#8221;) \u00e9s:<\/span><\/p>\n<ul>\n<li><strong>Titular<\/strong>: Qooant<\/li>\n<li><strong>Domicili<\/strong>: [Afegir adre\u00e7a]<\/li>\n<li><strong>Correu electr\u00f2nic de contacte<\/strong>: [Afegir email]<\/li>\n<li><strong>NIF\/CIF<\/strong>: [Afegir NIF\/CIF]<\/li>\n<\/ul>\n<p><strong>2. Dades recollides i finalitat del tractament<\/strong> Les dades personals que es poden recollir a trav\u00e9s del Lloc Web s&#8217;utilitzen per a les finalitats seg\u00fcents:<\/p>\n<ul>\n<li>Gestionar consultes o sol\u00b7licituds realitzades pels usuaris.<\/li>\n<li>Enviar comunicacions relacionades amb els serveis oferts per Qooant (nom\u00e9s si l&#8217;usuari ha donat el seu consentiment).<\/li>\n<li>Complir amb obligacions legals.<\/li>\n<\/ul>\n<p>Les dades no seran utilitzades per a finalitats diferents a les especificades en aquesta Pol\u00edtica de Privacitat.<\/p>\n<p><strong>3. Base legal per al tractament<\/strong> El tractament de les dades personals es basa en:<\/p>\n<ul>\n<li>L&#8217;execuci\u00f3 d&#8217;un contracte o la prestaci\u00f3 d&#8217;un servei sol\u00b7licitat per l&#8217;usuari.<\/li>\n<li>El consentiment de l&#8217;usuari en els casos en qu\u00e8 sigui necessari.<\/li>\n<li>L&#8217;acompliment d&#8217;obligacions legals aplicables a Qooant.<\/li>\n<\/ul>\n<p><strong>4. Conservaci\u00f3 de les dades<\/strong> Les dades personals es conservaran durant el temps necessari per complir amb la finalitat per a la qual van ser recollides i per determinar possibles responsabilitats derivades del tractament. En el cas de comunicacions comercials, es conservaran fins que l&#8217;usuari sol\u00b7liciti la seva baixa.<\/p>\n<p><strong>5. Destinataris de les dades<\/strong> Les dades personals no seran cedides a tercers excepte en els casos en qu\u00e8 sigui necessari per al compliment d&#8217;una obligaci\u00f3 legal o per a la prestaci\u00f3 dels serveis contractats.<\/p>\n<p><strong>6. Drets dels usuaris<\/strong> Els usuaris tenen dret a:<\/p>\n<ul>\n<li>Accedir a les seves dades personals.<\/li>\n<li>Sol\u00b7licitar la seva rectificaci\u00f3 o supressi\u00f3.<\/li>\n<li>Oposar-se al seu tractament.<\/li>\n<li>Sol\u00b7licitar la limitaci\u00f3 del tractament.<\/li>\n<li>Sol\u00b7licitar la portabilitat de les dades.<\/li>\n<\/ul>\n<p>Per exercir aquests drets, l&#8217;usuari pot contactar a trav\u00e9s del correu electr\u00f2nic <strong>[Afegir email]<\/strong>, adjuntant una c\u00f2pia del seu document d&#8217;identitat.<\/p>\n<p><strong>7. Seguretat de les dades<\/strong> Qooant adopta les mesures t\u00e8cniques i organitzatives necess\u00e0ries per garantir la seguretat de les dades personals i evitar-ne l&#8217;alteraci\u00f3, p\u00e8rdua o acc\u00e9s no autoritzat.<\/p>\n<p><strong>8. Modificacions de la Pol\u00edtica de Privacitat<\/strong> Qooant es reserva el dret a modificar aquesta Pol\u00edtica de Privacitat per adaptar-la a novetats legislatives o jurisprudencials. Qualsevol canvi ser\u00e0 comunicat als usuaris a trav\u00e9s del Lloc Web.<\/p>\n<p><strong>9. Legislaci\u00f3 aplicable i jurisdicci\u00f3<\/strong> Aquesta Pol\u00edtica de Privacitat es regeix per la legislaci\u00f3 espanyola. Qualsevol controv\u00e8rsia es resoldr\u00e0 davant els tribunals de [Ciutat].<\/p>\t\t\t\t\t\t\t\t<\/div>\n\t\t\t\t<\/div>\n\t\t\t\t\t<\/div>\n\t\t\t\t<\/div>\n\t\t\t\t<\/div>\n\t\t","protected":false},"excerpt":{"rendered":"<p>Pol\u00edtica de privacitat 1. Responsable del tractament de dades D&#8217;acord amb la normativa de protecci\u00f3 de dades vigent, s&#8217;informa que el responsable del tractament de les dades recollides a trav\u00e9s del lloc web qooant.com (d&#8217;ara endavant, &#8220;el Lloc Web&#8221;) \u00e9s: Titular: Qooant Domicili: [Afegir adre\u00e7a] Correu electr\u00f2nic de contacte: [Afegir email] NIF\/CIF: [Afegir NIF\/CIF] 2. [&hellip;]<\/p>\n","protected":false},"author":1,"featured_media":0,"parent":0,"menu_order":0,"comment_status":"closed","ping_status":"closed","template":"","meta":{"site-sidebar-layout":"no-sidebar","site-content-layout":"page-builder","ast-site-content-layout":"full-width-container","site-content-style":"default","site-sidebar-style":"default","ast-global-header-display":"","ast-banner-title-visibility":"","ast-main-header-display":"","ast-hfb-above-header-display":"","ast-hfb-below-header-display":"","ast-hfb-mobile-header-display":"","site-post-title":"disabled","ast-breadcrumbs-content":"","ast-featured-img":"disabled","footer-sml-layout":"","theme-transparent-header-meta":"default","adv-header-id-meta":"","stick-header-meta":"","header-above-stick-meta":"","header-main-stick-meta":"","header-below-stick-meta":"","astra-migrate-meta-layouts":"set","ast-page-background-enabled":"default","ast-page-background-meta":{"desktop":{"background-color":"","background-image":"","background-repeat":"repeat","background-position":"center center","background-size":"auto","background-attachment":"scroll","background-type":"","background-media":"","overlay-type":"","overlay-color":"","overlay-opacity":"","overlay-gradient":""},"tablet":{"background-color":"","background-image":"","background-repeat":"repeat","background-position":"center center","background-size":"auto","background-attachment":"scroll","background-type":"","background-media":"","overlay-type":"","overlay-color":"","overlay-opacity":"","overlay-gradient":""},"mobile":{"background-color":"","background-image":"","background-repeat":"repeat","background-position":"center center","background-size":"auto","background-attachment":"scroll","background-type":"","background-media":"","overlay-type":"","overlay-color":"","overlay-opacity":"","overlay-gradient":""}},"ast-content-background-meta":{"desktop":{"background-color":"var(--ast-global-color-5)","background-image":"","background-repeat":"repeat","background-position":"center center","background-size":"auto","background-attachment":"scroll","background-type":"","background-media":"","overlay-type":"","overlay-color":"","overlay-opacity":"","overlay-gradient":""},"tablet":{"background-color":"var(--ast-global-color-5)","background-image":"","background-repeat":"repeat","background-position":"center center","background-size":"auto","background-attachment":"scroll","background-type":"","background-media":"","overlay-type":"","overlay-color":"","overlay-opacity":"","overlay-gradient":""},"mobile":{"background-color":"var(--ast-global-color-5)","background-image":"","background-repeat":"repeat","background-position":"center center","background-size":"auto","background-attachment":"scroll","background-type":"","background-media":"","overlay-type":"","overlay-color":"","overlay-opacity":"","overlay-gradient":""}},"footnotes":""},"class_list":["post-24893","page","type-page","status-publish","hentry"],"_links":{"self":[{"href":"https:\/\/qooant.com\/ca\/wp-json\/wp\/v2\/pages\/24893","targetHints":{"allow":["GET"]}}],"collection":[{"href":"https:\/\/qooant.com\/ca\/wp-json\/wp\/v2\/pages"}],"about":[{"href":"https:\/\/qooant.com\/ca\/wp-json\/wp\/v2\/types\/page"}],"author":[{"embeddable":true,"href":"https:\/\/qooant.com\/ca\/wp-json\/wp\/v2\/users\/1"}],"replies":[{"embeddable":true,"href":"https:\/\/qooant.com\/ca\/wp-json\/wp\/v2\/comments?post=24893"}],"version-history":[{"count":5,"href":"https:\/\/qooant.com\/ca\/wp-json\/wp\/v2\/pages\/24893\/revisions"}],"predecessor-version":[{"id":25270,"href":"https:\/\/qooant.com\/ca\/wp-json\/wp\/v2\/pages\/24893\/revisions\/25270"}],"wp:attachment":[{"href":"https:\/\/qooant.com\/ca\/wp-json\/wp\/v2\/media?parent=24893"}],"curies":[{"name":"wp","href":"https:\/\/api.w.org\/{rel}","templated":true}]}}