{"id":24897,"date":"2025-03-04T16:43:21","date_gmt":"2025-03-04T15:43:21","guid":{"rendered":"https:\/\/qooant.com\/?page_id=24897"},"modified":"2025-12-23T13:02:42","modified_gmt":"2025-12-23T12:02:42","slug":"politica-de-cookies","status":"publish","type":"page","link":"https:\/\/qooant.com\/ca\/politica-de-cookies\/","title":{"rendered":"Pol\u00edtica de Cookies"},"content":{"rendered":"\t\t<div data-elementor-type=\"wp-page\" data-elementor-id=\"24897\" class=\"elementor elementor-24897\">\n\t\t\t\t<div class=\"elementor-element elementor-element-d4f8acc e-flex e-con-boxed e-con e-parent\" data-id=\"d4f8acc\" data-element_type=\"container\">\n\t\t\t\t\t<div class=\"e-con-inner\">\n\t\t\t\t\t<\/div>\n\t\t\t\t<\/div>\n\t\t<div class=\"elementor-element elementor-element-aa9fe5c e-flex e-con-boxed e-con e-parent\" data-id=\"aa9fe5c\" data-element_type=\"container\">\n\t\t\t\t\t<div class=\"e-con-inner\">\n\t\t\t\t<div class=\"elementor-element elementor-element-5a108ed elementor-widget elementor-widget-heading\" data-id=\"5a108ed\" data-element_type=\"widget\" data-widget_type=\"heading.default\">\n\t\t\t\t<div class=\"elementor-widget-container\">\n\t\t\t\t\t<h2 class=\"elementor-heading-title elementor-size-default\">Pol\u00edtica de cookies<\/h2>\t\t\t\t<\/div>\n\t\t\t\t<\/div>\n\t\t\t\t\t<\/div>\n\t\t\t\t<\/div>\n\t\t<div class=\"elementor-element elementor-element-c461eb6 e-flex e-con-boxed e-con e-parent\" data-id=\"c461eb6\" data-element_type=\"container\">\n\t\t\t\t\t<div class=\"e-con-inner\">\n\t\t\t\t<div class=\"elementor-element elementor-element-47da6c3 elementor-widget elementor-widget-text-editor\" data-id=\"47da6c3\" data-element_type=\"widget\" data-widget_type=\"text-editor.default\">\n\t\t\t\t<div class=\"elementor-widget-container\">\n\t\t\t\t\t\t\t\t\t<p><strong style=\"font-style: inherit; text-align: var(--text-align); background-color: var(--ast-global-color-4); color: var(--ast-global-color-3);\">1. Qu\u00e8 s\u00f3n les cookies?<\/strong><span style=\"font-style: inherit; font-weight: inherit; text-align: var(--text-align); background-color: var(--ast-global-color-4); color: var(--ast-global-color-3);\"> Una cookie \u00e9s un fitxer que es descarrega al dispositiu de l&#8217;usuari quan accedeix a determinats llocs web. Les cookies permeten a un lloc web, entre altres coses, emmagatzemar i recuperar informaci\u00f3 sobre els h\u00e0bits de navegaci\u00f3 d&#8217;un usuari o del seu dispositiu i, depenent de la informaci\u00f3 que continguin i de com s&#8217;utilitzi el dispositiu, es poden utilitzar per recon\u00e8ixer l&#8217;usuari.<\/span><\/p>\n<p><strong>2. Tipus de cookies utilitzades<\/strong> Aquest lloc web utilitza els seg\u00fcents tipus de cookies:<\/p>\n<ul>\n<li><strong>Cookies t\u00e8cniques<\/strong>: Necess\u00e0ries per al funcionament del lloc web i la prestaci\u00f3 dels serveis oferts.<\/li>\n<li><strong>Cookies d&#8217;an\u00e0lisi<\/strong>: Permeten analitzar el comportament dels usuaris al lloc web i millorar l&#8217;experi\u00e8ncia d&#8217;usuari.<\/li>\n<li><strong>Cookies de personalitzaci\u00f3<\/strong>: Permeten recordar prefer\u00e8ncies de l&#8217;usuari, com l&#8217;idioma o la configuraci\u00f3 regional.<\/li>\n<li><strong>Cookies publicit\u00e0ries<\/strong>: Gestionen els espais publicitaris del lloc web i adapten el contingut publicitari als interessos de l&#8217;usuari.<\/li>\n<\/ul>\n<p><strong>3. Cookies de tercers<\/strong> Aquest lloc web pot utilitzar serveis de tercers que recopilen informaci\u00f3 amb finalitats estad\u00edstiques, d&#8217;\u00fas del lloc web i per a la prestaci\u00f3 d&#8217;altres serveis relacionats amb l&#8217;activitat del lloc i altres serveis d&#8217;Internet. Entre aquests prove\u00efdors de tercers es poden incloure:<\/p>\n<ul>\n<li>Google Analytics (per analitzar el comportament de navegaci\u00f3 dels usuaris)<\/li>\n<li>Google Ads (per personalitzar la publicitat)<\/li>\n<li>Xarxes socials com Facebook, Twitter o LinkedIn (si es comparteixen continguts directament des del lloc web)<\/li>\n<\/ul>\n<p><strong>4. Acceptaci\u00f3 o configuraci\u00f3 de cookies<\/strong> En accedir al lloc web per primera vegada, es mostrar\u00e0 un av\u00eds on es podr\u00e0 acceptar l&#8217;\u00fas de cookies o configurar-les segons les prefer\u00e8ncies de l&#8217;usuari. En qualsevol moment, l&#8217;usuari pot canviar o retirar el consentiment a trav\u00e9s de la configuraci\u00f3 del navegador.<\/p>\n<p><strong>5. Com desactivar o eliminar cookies?<\/strong> L&#8217;usuari pot permetre, bloquejar o eliminar les cookies instal\u00b7lades al seu dispositiu mitjan\u00e7ant la configuraci\u00f3 de les opcions del navegador:<\/p>\n<ul>\n<li><strong>Google Chrome<\/strong>: <a href=\"https:\/\/support.google.com\/chrome\/answer\/95647?hl=ca\" target=\"_blank\" rel=\"noopener\">Enlla\u00e7 a la configuraci\u00f3 de cookies<\/a><\/li>\n<li><strong>Mozilla Firefox<\/strong>: <a href=\"https:\/\/support.mozilla.org\/ca\/kb\/activar-i-desactivar-les-galetes\" target=\"_blank\" rel=\"noopener\">Enlla\u00e7 a la configuraci\u00f3 de cookies<\/a><\/li>\n<li><strong>Safari<\/strong>: <a href=\"https:\/\/support.apple.com\/ca-es\/guide\/safari\/sfri11471\/mac\" target=\"_blank\" rel=\"noopener\">Enlla\u00e7 a la configuraci\u00f3 de cookies<\/a><\/li>\n<li><strong>Microsoft Edge<\/strong>: <a href=\"https:\/\/support.microsoft.com\/ca-es\/help\/4027947\/microsoft-edge-delete-cookies\" target=\"_blank\" rel=\"noopener\">Enlla\u00e7 a la configuraci\u00f3 de cookies<\/a><\/li>\n<\/ul>\n<p><strong>6. Modificacions en la Pol\u00edtica de Cookies<\/strong> Qooant es reserva el dret a modificar aquesta Pol\u00edtica de Cookies per adaptar-la a novetats legislatives o jurisprudencials. Qualsevol canvi ser\u00e0 notificat als usuaris mitjan\u00e7ant el lloc web.<\/p>\n<p><strong>7. Contacte<\/strong> Per a qualsevol dubte o consulta sobre aquesta Pol\u00edtica de Cookies, pots contactar-nos a <strong>[Afegir email]<\/strong>.<\/p>\t\t\t\t\t\t\t\t<\/div>\n\t\t\t\t<\/div>\n\t\t\t\t\t<\/div>\n\t\t\t\t<\/div>\n\t\t\t\t<\/div>\n\t\t","protected":false},"excerpt":{"rendered":"<p>Pol\u00edtica de cookies 1. Qu\u00e8 s\u00f3n les cookies? Una cookie \u00e9s un fitxer que es descarrega al dispositiu de l&#8217;usuari quan accedeix a determinats llocs web. Les cookies permeten a un lloc web, entre altres coses, emmagatzemar i recuperar informaci\u00f3 sobre els h\u00e0bits de navegaci\u00f3 d&#8217;un usuari o del seu dispositiu i, depenent de la [&hellip;]<\/p>\n","protected":false},"author":1,"featured_media":0,"parent":0,"menu_order":0,"comment_status":"closed","ping_status":"closed","template":"","meta":{"site-sidebar-layout":"no-sidebar","site-content-layout":"page-builder","ast-site-content-layout":"full-width-container","site-content-style":"default","site-sidebar-style":"default","ast-global-header-display":"","ast-banner-title-visibility":"","ast-main-header-display":"","ast-hfb-above-header-display":"","ast-hfb-below-header-display":"","ast-hfb-mobile-header-display":"","site-post-title":"disabled","ast-breadcrumbs-content":"","ast-featured-img":"disabled","footer-sml-layout":"","theme-transparent-header-meta":"default","adv-header-id-meta":"","stick-header-meta":"","header-above-stick-meta":"","header-main-stick-meta":"","header-below-stick-meta":"","astra-migrate-meta-layouts":"set","ast-page-background-enabled":"default","ast-page-background-meta":{"desktop":{"background-color":"","background-image":"","background-repeat":"repeat","background-position":"center center","background-size":"auto","background-attachment":"scroll","background-type":"","background-media":"","overlay-type":"","overlay-color":"","overlay-opacity":"","overlay-gradient":""},"tablet":{"background-color":"","background-image":"","background-repeat":"repeat","background-position":"center center","background-size":"auto","background-attachment":"scroll","background-type":"","background-media":"","overlay-type":"","overlay-color":"","overlay-opacity":"","overlay-gradient":""},"mobile":{"background-color":"","background-image":"","background-repeat":"repeat","background-position":"center center","background-size":"auto","background-attachment":"scroll","background-type":"","background-media":"","overlay-type":"","overlay-color":"","overlay-opacity":"","overlay-gradient":""}},"ast-content-background-meta":{"desktop":{"background-color":"var(--ast-global-color-5)","background-image":"","background-repeat":"repeat","background-position":"center center","background-size":"auto","background-attachment":"scroll","background-type":"","background-media":"","overlay-type":"","overlay-color":"","overlay-opacity":"","overlay-gradient":""},"tablet":{"background-color":"var(--ast-global-color-5)","background-image":"","background-repeat":"repeat","background-position":"center center","background-size":"auto","background-attachment":"scroll","background-type":"","background-media":"","overlay-type":"","overlay-color":"","overlay-opacity":"","overlay-gradient":""},"mobile":{"background-color":"var(--ast-global-color-5)","background-image":"","background-repeat":"repeat","background-position":"center center","background-size":"auto","background-attachment":"scroll","background-type":"","background-media":"","overlay-type":"","overlay-color":"","overlay-opacity":"","overlay-gradient":""}},"footnotes":""},"class_list":["post-24897","page","type-page","status-publish","hentry"],"_links":{"self":[{"href":"https:\/\/qooant.com\/ca\/wp-json\/wp\/v2\/pages\/24897","targetHints":{"allow":["GET"]}}],"collection":[{"href":"https:\/\/qooant.com\/ca\/wp-json\/wp\/v2\/pages"}],"about":[{"href":"https:\/\/qooant.com\/ca\/wp-json\/wp\/v2\/types\/page"}],"author":[{"embeddable":true,"href":"https:\/\/qooant.com\/ca\/wp-json\/wp\/v2\/users\/1"}],"replies":[{"embeddable":true,"href":"https:\/\/qooant.com\/ca\/wp-json\/wp\/v2\/comments?post=24897"}],"version-history":[{"count":6,"href":"https:\/\/qooant.com\/ca\/wp-json\/wp\/v2\/pages\/24897\/revisions"}],"predecessor-version":[{"id":25744,"href":"https:\/\/qooant.com\/ca\/wp-json\/wp\/v2\/pages\/24897\/revisions\/25744"}],"wp:attachment":[{"href":"https:\/\/qooant.com\/ca\/wp-json\/wp\/v2\/media?parent=24897"}],"curies":[{"name":"wp","href":"https:\/\/api.w.org\/{rel}","templated":true}]}}