{"id":24905,"date":"2025-03-04T16:44:26","date_gmt":"2025-03-04T15:44:26","guid":{"rendered":"https:\/\/qooant.com\/?page_id=24905"},"modified":"2025-03-06T11:45:22","modified_gmt":"2025-03-06T10:45:22","slug":"declaracio-daccessibilitat","status":"publish","type":"page","link":"https:\/\/qooant.com\/ca\/declaracio-daccessibilitat\/","title":{"rendered":"Declaraci\u00f3 d&#8217;Accessibilitat"},"content":{"rendered":"\t\t<div data-elementor-type=\"wp-page\" data-elementor-id=\"24905\" class=\"elementor elementor-24905\">\n\t\t\t\t<div class=\"elementor-element elementor-element-9394d66 e-flex e-con-boxed e-con e-parent\" data-id=\"9394d66\" data-element_type=\"container\" data-e-type=\"container\">\n\t\t\t\t\t<div class=\"e-con-inner\">\n\t\t\t\t<div class=\"elementor-element elementor-element-575ece2 elementor-widget elementor-widget-heading\" data-id=\"575ece2\" data-element_type=\"widget\" data-e-type=\"widget\" data-widget_type=\"heading.default\">\n\t\t\t\t<div class=\"elementor-widget-container\">\n\t\t\t\t\t<h2 class=\"elementor-heading-title elementor-size-default\">Declaraci\u00f3 d'accessibilitat<\/h2>\t\t\t\t<\/div>\n\t\t\t\t<\/div>\n\t\t\t\t\t<\/div>\n\t\t\t\t<\/div>\n\t\t<div class=\"elementor-element elementor-element-cb4a7ed e-flex e-con-boxed e-con e-parent\" data-id=\"cb4a7ed\" data-element_type=\"container\" data-e-type=\"container\">\n\t\t\t\t\t<div class=\"e-con-inner\">\n\t\t\t\t<div class=\"elementor-element elementor-element-1d34284 elementor-widget elementor-widget-text-editor\" data-id=\"1d34284\" data-element_type=\"widget\" data-e-type=\"widget\" data-widget_type=\"text-editor.default\">\n\t\t\t\t<div class=\"elementor-widget-container\">\n\t\t\t\t\t\t\t\t\t<p><strong style=\"font-style: inherit; text-align: var(--text-align); background-color: var(--ast-global-color-4); color: var(--ast-global-color-3);\">1. Comprom\u00eds amb l&#8217;accessibilitat<\/strong><span style=\"font-style: inherit; font-weight: inherit; text-align: var(--text-align); background-color: var(--ast-global-color-4); color: var(--ast-global-color-3);\"> Qooant es compromet a garantir l&#8217;accessibilitat del seu lloc web <\/span><strong style=\"font-style: inherit; text-align: var(--text-align); background-color: var(--ast-global-color-4); color: var(--ast-global-color-3);\">qooant.com<\/strong><span style=\"font-style: inherit; font-weight: inherit; text-align: var(--text-align); background-color: var(--ast-global-color-4); color: var(--ast-global-color-3);\"> d&#8217;acord amb la normativa vigent i els principis d&#8217;accessibilitat universal i disseny per a tothom.<\/span><\/p>\n<p>Aquesta declaraci\u00f3 d&#8217;accessibilitat s&#8217;aplica a tot el contingut present en el Lloc Web.<\/p>\n<p><strong>2. Compliment de les normatives<\/strong> Aquest lloc web ha estat desenvolupat seguint les pautes d&#8217;accessibilitat establertes per la <strong>Web Content Accessibility Guidelines (WCAG) 2.1<\/strong>, nivell AA, d&#8217;acord amb el <strong>Reial decret 1112\/2018<\/strong>, sobre accessibilitat dels llocs web del sector p\u00fablic i entitats privades que ofereixen serveis essencials al p\u00fablic a Espanya.<\/p>\n<p><strong>3. Situaci\u00f3 de compliment<\/strong> Qooant.com es troba <strong>parcialment conforme<\/strong> amb les WCAG 2.1 nivell AA, degut a les no conformitats i excepcions que es detallen a continuaci\u00f3.<\/p>\n<p><strong>4. Contingut no accessible<\/strong> Malgrat els nostres esfor\u00e7os per garantir l&#8217;accessibilitat del Lloc Web, poden existir algunes limitacions, com ara:<\/p>\n<ul>\n<li>Documents PDF o altres formats que podrien no ser completament accessibles.<\/li>\n<li>Alguns elements multim\u00e8dia poden no disposar d&#8217;una transcripci\u00f3 o audiodescripci\u00f3.<\/li>\n<li>Algunes funcionalitats poden requerir ajustaments addicionals per millorar la navegabilitat amb teclat.<\/li>\n<\/ul>\n<p>Estem treballant constantment per millorar aquests aspectes i garantir una experi\u00e8ncia inclusiva per a tots els usuaris.<\/p>\n<p><strong>5. Preparaci\u00f3 de la declaraci\u00f3 d&#8217;accessibilitat<\/strong> Aquesta declaraci\u00f3 d&#8217;accessibilitat ha estat elaborada el <strong>[afegir data]<\/strong> mitjan\u00e7ant una autoavaluaci\u00f3 realitzada per Qooant.<\/p>\n<p>L&#8217;\u00faltima revisi\u00f3 d&#8217;aquesta declaraci\u00f3 es va dur a terme el <strong>[afegir data]<\/strong>.<\/p>\n<p><strong>6. Alternatives i contacte<\/strong> Si tens dificultats per accedir a algun contingut o necessites informaci\u00f3 en un format alternatiu, pots contactar-nos a trav\u00e9s de:<\/p>\n<ul>\n<li>Correu electr\u00f2nic: <strong>[Afegir email]<\/strong><\/li>\n<li>Formulari de contacte disponible al lloc web.<\/li>\n<\/ul>\n<p>Farem tot el possible per proporcionar-te la informaci\u00f3 en un format accessible.<\/p>\n<p><strong>7. Procediment d&#8217;aplicaci\u00f3<\/strong> Si despr\u00e9s de contactar amb nosaltres consideres que la resposta no \u00e9s satisfact\u00f2ria, pots presentar una reclamaci\u00f3 formal davant el <strong>Defensor del Poble<\/strong> o l&#8217;organisme competent en mat\u00e8ria d&#8217;accessibilitat digital a Espanya.<\/p>\n<p><strong>8. Millores i compromisos futurs<\/strong> Qooant treballa de manera constant per millorar l&#8217;accessibilitat del seu lloc web i garantir que tots els usuaris, independentment de les seves capacitats, puguin accedir a la informaci\u00f3 i serveis sense barreres.<\/p>\n<p>Continuarem revisant i actualitzant el nostre lloc web per assegurar el compliment de la normativa i oferir una experi\u00e8ncia inclusiva per a tothom.<\/p>\t\t\t\t\t\t\t\t<\/div>\n\t\t\t\t<\/div>\n\t\t\t\t\t<\/div>\n\t\t\t\t<\/div>\n\t\t\t\t<\/div>\n\t\t","protected":false},"excerpt":{"rendered":"<p>Declaraci\u00f3 d&#8217;accessibilitat 1. Comprom\u00eds amb l&#8217;accessibilitat Qooant es compromet a garantir l&#8217;accessibilitat del seu lloc web qooant.com d&#8217;acord amb la normativa vigent i els principis d&#8217;accessibilitat universal i disseny per a tothom. Aquesta declaraci\u00f3 d&#8217;accessibilitat s&#8217;aplica a tot el contingut present en el Lloc Web. 2. Compliment de les normatives Aquest lloc web ha estat [&hellip;]<\/p>\n","protected":false},"author":1,"featured_media":0,"parent":0,"menu_order":0,"comment_status":"closed","ping_status":"closed","template":"","meta":{"site-sidebar-layout":"no-sidebar","site-content-layout":"page-builder","ast-site-content-layout":"full-width-container","site-content-style":"default","site-sidebar-style":"default","ast-global-header-display":"","ast-banner-title-visibility":"","ast-main-header-display":"","ast-hfb-above-header-display":"","ast-hfb-below-header-display":"","ast-hfb-mobile-header-display":"","site-post-title":"disabled","ast-breadcrumbs-content":"","ast-featured-img":"disabled","footer-sml-layout":"","ast-disable-related-posts":"","theme-transparent-header-meta":"default","adv-header-id-meta":"","stick-header-meta":"","header-above-stick-meta":"","header-main-stick-meta":"","header-below-stick-meta":"","astra-migrate-meta-layouts":"set","ast-page-background-enabled":"default","ast-page-background-meta":{"desktop":{"background-color":"","background-image":"","background-repeat":"repeat","background-position":"center center","background-size":"auto","background-attachment":"scroll","background-type":"","background-media":"","overlay-type":"","overlay-color":"","overlay-opacity":"","overlay-gradient":""},"tablet":{"background-color":"","background-image":"","background-repeat":"repeat","background-position":"center center","background-size":"auto","background-attachment":"scroll","background-type":"","background-media":"","overlay-type":"","overlay-color":"","overlay-opacity":"","overlay-gradient":""},"mobile":{"background-color":"","background-image":"","background-repeat":"repeat","background-position":"center center","background-size":"auto","background-attachment":"scroll","background-type":"","background-media":"","overlay-type":"","overlay-color":"","overlay-opacity":"","overlay-gradient":""}},"ast-content-background-meta":{"desktop":{"background-color":"var(--ast-global-color-5)","background-image":"","background-repeat":"repeat","background-position":"center center","background-size":"auto","background-attachment":"scroll","background-type":"","background-media":"","overlay-type":"","overlay-color":"","overlay-opacity":"","overlay-gradient":""},"tablet":{"background-color":"var(--ast-global-color-5)","background-image":"","background-repeat":"repeat","background-position":"center center","background-size":"auto","background-attachment":"scroll","background-type":"","background-media":"","overlay-type":"","overlay-color":"","overlay-opacity":"","overlay-gradient":""},"mobile":{"background-color":"var(--ast-global-color-5)","background-image":"","background-repeat":"repeat","background-position":"center center","background-size":"auto","background-attachment":"scroll","background-type":"","background-media":"","overlay-type":"","overlay-color":"","overlay-opacity":"","overlay-gradient":""}},"footnotes":""},"class_list":["post-24905","page","type-page","status-publish","hentry"],"_links":{"self":[{"href":"https:\/\/qooant.com\/ca\/wp-json\/wp\/v2\/pages\/24905","targetHints":{"allow":["GET"]}}],"collection":[{"href":"https:\/\/qooant.com\/ca\/wp-json\/wp\/v2\/pages"}],"about":[{"href":"https:\/\/qooant.com\/ca\/wp-json\/wp\/v2\/types\/page"}],"author":[{"embeddable":true,"href":"https:\/\/qooant.com\/ca\/wp-json\/wp\/v2\/users\/1"}],"replies":[{"embeddable":true,"href":"https:\/\/qooant.com\/ca\/wp-json\/wp\/v2\/comments?post=24905"}],"version-history":[{"count":0,"href":"https:\/\/qooant.com\/ca\/wp-json\/wp\/v2\/pages\/24905\/revisions"}],"wp:attachment":[{"href":"https:\/\/qooant.com\/ca\/wp-json\/wp\/v2\/media?parent=24905"}],"curies":[{"name":"wp","href":"https:\/\/api.w.org\/{rel}","templated":true}]}}