{"id":25195,"date":"2025-03-04T15:30:16","date_gmt":"2025-03-04T14:30:16","guid":{"rendered":"https:\/\/qooant.com\/?page_id=25195"},"modified":"2025-03-09T15:31:25","modified_gmt":"2025-03-09T14:31:25","slug":"articulos-didacticos","status":"publish","type":"page","link":"https:\/\/qooant.com\/es\/articulos-didacticos\/","title":{"rendered":"Art\u00edculos did\u00e1cticos"},"content":{"rendered":"\t\t<div data-elementor-type=\"wp-page\" data-elementor-id=\"25195\" class=\"elementor elementor-25195 elementor-24254\">\n\t\t\t\t<div class=\"elementor-element elementor-element-a5f54f9 e-flex e-con-boxed e-con e-parent\" data-id=\"a5f54f9\" data-element_type=\"container\">\n\t\t\t\t\t<div class=\"e-con-inner\">\n\t\t<div class=\"elementor-element elementor-element-d9659b4 e-con-full e-flex e-con e-child\" data-id=\"d9659b4\" data-element_type=\"container\">\n\t\t\t\t<div class=\"elementor-element elementor-element-5842544 elementor-widget__width-auto elementor-widget elementor-widget-heading\" data-id=\"5842544\" data-element_type=\"widget\" data-widget_type=\"heading.default\">\n\t\t\t\t<div class=\"elementor-widget-container\">\n\t\t\t\t\t<h1 class=\"elementor-heading-title elementor-size-default\">Art\u00edculos did\u00e1cticos<\/h1>\t\t\t\t<\/div>\n\t\t\t\t<\/div>\n\t\t\t\t<div class=\"elementor-element elementor-element-b4ac266 elementor-absolute elementor-widget elementor-widget-image\" data-id=\"b4ac266\" data-element_type=\"widget\" data-settings=\"{&quot;_position&quot;:&quot;absolute&quot;}\" data-widget_type=\"image.default\">\n\t\t\t\t<div class=\"elementor-widget-container\">\n\t\t\t\t\t\t\t\t\t\t\t\t\t\t\t<img fetchpriority=\"high\" decoding=\"async\" width=\"400\" height=\"192\" src=\"https:\/\/qooant.com\/wp-content\/uploads\/2020\/10\/pattern.png\" class=\"attachment-large size-large wp-image-77\" alt=\"\" \/>\t\t\t\t\t\t\t\t\t\t\t\t\t\t\t<\/div>\n\t\t\t\t<\/div>\n\t\t\t\t<div class=\"elementor-element elementor-element-2698899 elementor-widget elementor-widget-text-editor\" data-id=\"2698899\" data-element_type=\"widget\" data-widget_type=\"text-editor.default\">\n\t\t\t\t<div class=\"elementor-widget-container\">\n\t\t\t\t\t\t\t\t\t<p>Aqu\u00ed encontrar\u00e1s art\u00edculos did\u00e1cticos y recursos pr\u00e1cticos pensados \u200b\u200bpara ayudarte a comprender mejor el mundo de las finanzas y, sobre todo, los riesgos asociados a tus inversiones.<\/p>\t\t\t\t\t\t\t\t<\/div>\n\t\t\t\t<\/div>\n\t\t\t\t<\/div>\n\t\t\t\t\t<\/div>\n\t\t\t\t<\/div>\n\t\t<div class=\"elementor-element elementor-element-2ae7885 e-flex e-con-boxed e-con e-parent\" data-id=\"2ae7885\" data-element_type=\"container\">\n\t\t\t\t\t<div class=\"e-con-inner\">\n\t\t<div class=\"elementor-element elementor-element-c42133b e-con-full e-flex e-con e-child\" data-id=\"c42133b\" data-element_type=\"container\">\n\t\t\t\t<div class=\"elementor-element elementor-element-a59cae9 elementor-widget elementor-widget-heading\" data-id=\"a59cae9\" data-element_type=\"widget\" data-widget_type=\"heading.default\">\n\t\t\t\t<div class=\"elementor-widget-container\">\n\t\t\t\t\t<h2 class=\"elementor-heading-title elementor-size-default\">Aprende a entender los riesgos financieros<\/h2>\t\t\t\t<\/div>\n\t\t\t\t<\/div>\n\t\t\t\t<div class=\"elementor-element elementor-element-9241a07 elementor-widget elementor-widget-text-editor\" data-id=\"9241a07\" data-element_type=\"widget\" data-widget_type=\"text-editor.default\">\n\t\t\t\t<div class=\"elementor-widget-container\">\n\t\t\t\t\t\t\t\t\t<p>En qooant.com, creemos que tomar decisiones informadas es clave para cualquier peque\u00f1o inversor. Por eso, publicamos contenido claro y accesible que te ayudar\u00e1 a:<\/p><ul><li> <strong>Identificar riesgos<\/strong>: Entiende c\u00f3mo factores como las fusiones, adquisiciones, o noticias<br>econ\u00f3micas pueden afectar a tus activos.<\/li><li><strong>Interpretar tendencias<\/strong>: Analiza el comportamiento del mercado con ejemplos<br>concretos y casos reales.<\/li><li>Mejorar tus <strong>conocimientos financieros<\/strong>: A trav\u00e9s de art\u00edculos sobre productos<br>de inversi\u00f3n, consejos pr\u00e1cticos y conceptos fundamentales.<br>La informaci\u00f3n es poder, y nosotros te ofrecemos las herramientas para navegar con confianza en un<br>entorno financiero en constante cambio.<\/li><\/ul>\t\t\t\t\t\t\t\t<\/div>\n\t\t\t\t<\/div>\n\t\t\t\t<\/div>\n\t\t\t\t\t<\/div>\n\t\t\t\t<\/div>\n\t\t<div class=\"elementor-element elementor-element-5a541d9 e-flex e-con-boxed e-con e-parent\" data-id=\"5a541d9\" data-element_type=\"container\" data-settings=\"{&quot;background_background&quot;:&quot;classic&quot;}\">\n\t\t\t\t\t<div class=\"e-con-inner\">\n\t\t\t\t<div class=\"elementor-element elementor-element-143a915 elementor-absolute elementor-widget elementor-widget-image\" data-id=\"143a915\" data-element_type=\"widget\" data-settings=\"{&quot;_position&quot;:&quot;absolute&quot;}\" data-widget_type=\"image.default\">\n\t\t\t\t<div class=\"elementor-widget-container\">\n\t\t\t\t\t\t\t\t\t\t\t\t\t\t\t<img decoding=\"async\" width=\"200\" height=\"489\" src=\"https:\/\/qooant.com\/wp-content\/uploads\/2020\/10\/pattern-v-1.png\" class=\"attachment-large size-large wp-image-145\" alt=\"\" srcset=\"https:\/\/qooant.com\/wp-content\/uploads\/2020\/10\/pattern-v-1.png 200w, https:\/\/qooant.com\/wp-content\/uploads\/2020\/10\/pattern-v-1-123x300.png 123w\" sizes=\"(max-width: 200px) 100vw, 200px\" \/>\t\t\t\t\t\t\t\t\t\t\t\t\t\t\t<\/div>\n\t\t\t\t<\/div>\n\t\t<div class=\"elementor-element elementor-element-e366ead e-con-full e-flex e-con e-child\" data-id=\"e366ead\" data-element_type=\"container\">\n\t\t\t\t<div class=\"elementor-element elementor-element-b4a1258 elementor-widget elementor-widget-elementskit-blog-posts\" data-id=\"b4a1258\" data-element_type=\"widget\" data-widget_type=\"elementskit-blog-posts.default\">\n\t\t\t\t<div class=\"elementor-widget-container\">\n\t\t\t\t\t<div class=\"ekit-wid-con\" >        <div id=\"post-items--b4a1258\" class=\"row post-items\">\n                    <div class=\"col-lg-4 col-md-6\">\n\n                                    <div class=\"elementskit-post-image-card\">\n                        <div class=\"elementskit-entry-header\">\n                                                            <a href=\"https:\/\/qooant.com\/es\/el-porque-del-uso-de-la-distribucion-normal\/\" class=\"elementskit-entry-thumb\">\n                                    <img decoding=\"async\" src=\"https:\/\/qooant.com\/wp-content\/uploads\/2025\/03\/dist.normal.png\" alt=\"El porqu\u00e9 del uso de la distribuci\u00f3n normal\">\n                                <\/a><!-- .elementskit-entry-thumb END -->\n                                                            \n                            \n\t\t\t\t\t\t\t\t\t\t\t\t\t<\/div><!-- .elementskit-entry-header END -->\n\n\t\t\t\t\t\t<div class=\"elementskit-post-body \">\n\t\t\t\t\t\t\t\n\t\t\t\t\t\t\t\t\t\t\t\t\t\t\t\t\t\t\t\t\t\t\t\t\t\n\t\t\t\t\t\t\t\t\n\t\t\t\t\t\t\t\t\t\t\t\t\t\t\t\t\t\t\t\t\t<h2 class=\"entry-title\">\n\t\t\t\t\t<a href=\"https:\/\/qooant.com\/es\/el-porque-del-uso-de-la-distribucion-normal\/\">\n\t\t\t\t\t\tEl porqu\u00e9 del uso de la distribuci\u00f3n normal\t\t\t\t\t<\/a>\n\t\t\t\t<\/h2>\n\t\t\t\t\t\t\t\t\t\t\t\t\t\t\t\t\t\t\t\t\t\t\t\t\t\t\t\t\t\t\t\t\t\t\t\t\t\t\t\t\t\t<p>El an\u00e1lisis cuantitativo de los mercados financieros a menudo asume que los precios o retornos de los activos siguen una&hellip;<\/p>\n\t\t\t\t\t\t\t\t\t\t\t\t\t\t\t\t\t\t\t\t\t\t                                                    <\/div><!-- .elementskit-post-body END -->\n                    <\/div>\n                \n            <\/div>\n                    <div class=\"col-lg-4 col-md-6\">\n\n                                    <div class=\"elementskit-post-image-card\">\n                        <div class=\"elementskit-entry-header\">\n                                                            <a href=\"https:\/\/qooant.com\/es\/tipo-de-analisis-mas-usuales\/\" class=\"elementskit-entry-thumb\">\n                                    <img decoding=\"async\" src=\"https:\/\/qooant.com\/wp-content\/uploads\/2025\/03\/analys.png\" alt=\"Tipo de an\u00e1lisis m\u00e1s usuales\">\n                                <\/a><!-- .elementskit-entry-thumb END -->\n                                                            \n                            \n\t\t\t\t\t\t\t\t\t\t\t\t\t<\/div><!-- .elementskit-entry-header END -->\n\n\t\t\t\t\t\t<div class=\"elementskit-post-body \">\n\t\t\t\t\t\t\t\n\t\t\t\t\t\t\t\t\t\t\t\t\t\t\t\t\t\t\t\t\t\t\t\t\t\n\t\t\t\t\t\t\t\t\n\t\t\t\t\t\t\t\t\t\t\t\t\t\t\t\t\t\t\t\t\t<h2 class=\"entry-title\">\n\t\t\t\t\t<a href=\"https:\/\/qooant.com\/es\/tipo-de-analisis-mas-usuales\/\">\n\t\t\t\t\t\tTipo de an\u00e1lisis m\u00e1s usuales\t\t\t\t\t<\/a>\n\t\t\t\t<\/h2>\n\t\t\t\t\t\t\t\t\t\t\t\t\t\t\t\t\t\t\t\t\t\t\t\t\t\t\t\t\t\t\t\t\t\t\t\t\t\t\t\t\t\t<p>An\u00e1lisis t\u00e9cnico El an\u00e1lisis t\u00e9cnico es una metodolog\u00eda utilizada en la investigaci\u00f3n financiera que se centra en el estudio de&hellip;<\/p>\n\t\t\t\t\t\t\t\t\t\t\t\t\t\t\t\t\t\t\t\t\t\t                                                    <\/div><!-- .elementskit-post-body END -->\n                    <\/div>\n                \n            <\/div>\n                    <div class=\"col-lg-4 col-md-6\">\n\n                                    <div class=\"elementskit-post-image-card\">\n                        <div class=\"elementskit-entry-header\">\n                                                            <a href=\"https:\/\/qooant.com\/es\/tipo-de-brokers-del-mercado-minorista\/\" class=\"elementskit-entry-thumb\">\n                                    <img decoding=\"async\" src=\"https:\/\/qooant.com\/wp-content\/uploads\/2025\/03\/tipus-brokers.png\" alt=\"Tipo de brokers del mercado minorista\">\n                                <\/a><!-- .elementskit-entry-thumb END -->\n                                                            \n                            \n\t\t\t\t\t\t\t\t\t\t\t\t\t<\/div><!-- .elementskit-entry-header END -->\n\n\t\t\t\t\t\t<div class=\"elementskit-post-body \">\n\t\t\t\t\t\t\t\n\t\t\t\t\t\t\t\t\t\t\t\t\t\t\t\t\t\t\t\t\t\t\t\t\t\n\t\t\t\t\t\t\t\t\n\t\t\t\t\t\t\t\t\t\t\t\t\t\t\t\t\t\t\t\t\t<h2 class=\"entry-title\">\n\t\t\t\t\t<a href=\"https:\/\/qooant.com\/es\/tipo-de-brokers-del-mercado-minorista\/\">\n\t\t\t\t\t\tTipo de brokers del mercado minorista\t\t\t\t\t<\/a>\n\t\t\t\t<\/h2>\n\t\t\t\t\t\t\t\t\t\t\t\t\t\t\t\t\t\t\t\t\t\t\t\t\t\t\t\t\t\t\t\t\t\t\t\t\t\t\t\t\t\t<p>En el mundo del trading, existe una amplia variedad de brokers disponibles para los traders minoristas. Sin embargo, en este&hellip;<\/p>\n\t\t\t\t\t\t\t\t\t\t\t\t\t\t\t\t\t\t\t\t\t\t                                                    <\/div><!-- .elementskit-post-body END -->\n                    <\/div>\n                \n            <\/div>\n                    <div class=\"col-lg-4 col-md-6\">\n\n                                    <div class=\"elementskit-post-image-card\">\n                        <div class=\"elementskit-entry-header\">\n                                                            <a href=\"https:\/\/qooant.com\/es\/distribucion-normal-y-lognormal\/\" class=\"elementskit-entry-thumb\">\n                                    <img decoding=\"async\" src=\"https:\/\/qooant.com\/wp-content\/uploads\/2025\/03\/logNormal.png\" alt=\"Distribuci\u00f3n normal y lognormal\">\n                                <\/a><!-- .elementskit-entry-thumb END -->\n                                                            \n                            \n\t\t\t\t\t\t\t\t\t\t\t\t\t<\/div><!-- .elementskit-entry-header END -->\n\n\t\t\t\t\t\t<div class=\"elementskit-post-body \">\n\t\t\t\t\t\t\t\n\t\t\t\t\t\t\t\t\t\t\t\t\t\t\t\t\t\t\t\t\t\t\t\t\t\n\t\t\t\t\t\t\t\t\n\t\t\t\t\t\t\t\t\t\t\t\t\t\t\t\t\t\t\t\t\t<h2 class=\"entry-title\">\n\t\t\t\t\t<a href=\"https:\/\/qooant.com\/es\/distribucion-normal-y-lognormal\/\">\n\t\t\t\t\t\tDistribuci\u00f3n normal y lognormal\t\t\t\t\t<\/a>\n\t\t\t\t<\/h2>\n\t\t\t\t\t\t\t\t\t\t\t\t\t\t\t\t\t\t\t\t\t\t\t\t\t\t\t\t\t\t\t\t\t\t\t\t\t\t\t\t\t\t<p>Para explicar este apartado partiremos de un caso pr\u00e1ctico: Cogemos como ejemplo el movimiento del EURUSD y elegimos como per\u00edodo&hellip;<\/p>\n\t\t\t\t\t\t\t\t\t\t\t\t\t\t\t\t\t\t\t\t\t\t                                                    <\/div><!-- .elementskit-post-body END -->\n                    <\/div>\n                \n            <\/div>\n                    <div class=\"col-lg-4 col-md-6\">\n\n                                    <div class=\"elementskit-post-image-card\">\n                        <div class=\"elementskit-entry-header\">\n                                                            <a href=\"https:\/\/qooant.com\/es\/unas-pinceladas-sobre-los-cfds\/\" class=\"elementskit-entry-thumb\">\n                                    <img decoding=\"async\" src=\"https:\/\/qooant.com\/wp-content\/uploads\/2025\/03\/qooant.mans_.png\" alt=\"Unas pinceladas sobre los CFDs\">\n                                <\/a><!-- .elementskit-entry-thumb END -->\n                                                            \n                            \n\t\t\t\t\t\t\t\t\t\t\t\t\t<\/div><!-- .elementskit-entry-header END -->\n\n\t\t\t\t\t\t<div class=\"elementskit-post-body \">\n\t\t\t\t\t\t\t\n\t\t\t\t\t\t\t\t\t\t\t\t\t\t\t\t\t\t\t\t\t\t\t\t\t\n\t\t\t\t\t\t\t\t\n\t\t\t\t\t\t\t\t\t\t\t\t\t\t\t\t\t\t\t\t\t<h2 class=\"entry-title\">\n\t\t\t\t\t<a href=\"https:\/\/qooant.com\/es\/unas-pinceladas-sobre-los-cfds\/\">\n\t\t\t\t\t\tUnas pinceladas sobre los CFDs\t\t\t\t\t<\/a>\n\t\t\t\t<\/h2>\n\t\t\t\t\t\t\t\t\t\t\t\t\t\t\t\t\t\t\t\t\t\t\t\t\t\t\t\t\t\t\t\t\t\t\t\t\t\t\t\t\t\t<p>Para poder operar acudimos por lo general a un broker minorista. Es el tipo de broker que tiene como cliente&hellip;<\/p>\n\t\t\t\t\t\t\t\t\t\t\t\t\t\t\t\t\t\t\t\t\t\t                                                    <\/div><!-- .elementskit-post-body END -->\n                    <\/div>\n                \n            <\/div>\n                <\/div>\n       <\/div>\t\t\t\t<\/div>\n\t\t\t\t<\/div>\n\t\t\t\t<\/div>\n\t\t\t\t\t<\/div>\n\t\t\t\t<\/div>\n\t\t\t\t<\/div>\n\t\t","protected":false},"excerpt":{"rendered":"<p>Art\u00edculos did\u00e1cticos Aqu\u00ed encontrar\u00e1s art\u00edculos did\u00e1cticos y recursos pr\u00e1cticos pensados \u200b\u200bpara ayudarte a comprender mejor el mundo de las finanzas y, sobre todo, los riesgos asociados a tus inversiones. Aprende a entender los riesgos financieros En qooant.com, creemos que tomar decisiones informadas es clave para cualquier peque\u00f1o inversor. Por eso, publicamos contenido claro y accesible [&hellip;]<\/p>\n","protected":false},"author":1,"featured_media":0,"parent":0,"menu_order":0,"comment_status":"closed","ping_status":"closed","template":"","meta":{"site-sidebar-layout":"no-sidebar","site-content-layout":"page-builder","ast-site-content-layout":"full-width-container","site-content-style":"unboxed","site-sidebar-style":"unboxed","ast-global-header-display":"","ast-banner-title-visibility":"","ast-main-header-display":"","ast-hfb-above-header-display":"","ast-hfb-below-header-display":"","ast-hfb-mobile-header-display":"","site-post-title":"disabled","ast-breadcrumbs-content":"","ast-featured-img":"disabled","footer-sml-layout":"","theme-transparent-header-meta":"default","adv-header-id-meta":"","stick-header-meta":"","header-above-stick-meta":"","header-main-stick-meta":"","header-below-stick-meta":"","astra-migrate-meta-layouts":"set","ast-page-background-enabled":"default","ast-page-background-meta":{"desktop":{"background-color":"","background-image":"","background-repeat":"repeat","background-position":"center center","background-size":"auto","background-attachment":"scroll","background-type":"","background-media":"","overlay-type":"","overlay-color":"","overlay-opacity":"","overlay-gradient":""},"tablet":{"background-color":"","background-image":"","background-repeat":"repeat","background-position":"center center","background-size":"auto","background-attachment":"scroll","background-type":"","background-media":"","overlay-type":"","overlay-color":"","overlay-opacity":"","overlay-gradient":""},"mobile":{"background-color":"","background-image":"","background-repeat":"repeat","background-position":"center center","background-size":"auto","background-attachment":"scroll","background-type":"","background-media":"","overlay-type":"","overlay-color":"","overlay-opacity":"","overlay-gradient":""}},"ast-content-background-meta":{"desktop":{"background-color":"var(--ast-global-color-5)","background-image":"","background-repeat":"repeat","background-position":"center center","background-size":"auto","background-attachment":"scroll","background-type":"","background-media":"","overlay-type":"","overlay-color":"","overlay-opacity":"","overlay-gradient":""},"tablet":{"background-color":"var(--ast-global-color-5)","background-image":"","background-repeat":"repeat","background-position":"center center","background-size":"auto","background-attachment":"scroll","background-type":"","background-media":"","overlay-type":"","overlay-color":"","overlay-opacity":"","overlay-gradient":""},"mobile":{"background-color":"var(--ast-global-color-5)","background-image":"","background-repeat":"repeat","background-position":"center center","background-size":"auto","background-attachment":"scroll","background-type":"","background-media":"","overlay-type":"","overlay-color":"","overlay-opacity":"","overlay-gradient":""}},"footnotes":""},"class_list":["post-25195","page","type-page","status-publish","hentry"],"_links":{"self":[{"href":"https:\/\/qooant.com\/es\/wp-json\/wp\/v2\/pages\/25195","targetHints":{"allow":["GET"]}}],"collection":[{"href":"https:\/\/qooant.com\/es\/wp-json\/wp\/v2\/pages"}],"about":[{"href":"https:\/\/qooant.com\/es\/wp-json\/wp\/v2\/types\/page"}],"author":[{"embeddable":true,"href":"https:\/\/qooant.com\/es\/wp-json\/wp\/v2\/users\/1"}],"replies":[{"embeddable":true,"href":"https:\/\/qooant.com\/es\/wp-json\/wp\/v2\/comments?post=25195"}],"version-history":[{"count":26,"href":"https:\/\/qooant.com\/es\/wp-json\/wp\/v2\/pages\/25195\/revisions"}],"predecessor-version":[{"id":25715,"href":"https:\/\/qooant.com\/es\/wp-json\/wp\/v2\/pages\/25195\/revisions\/25715"}],"wp:attachment":[{"href":"https:\/\/qooant.com\/es\/wp-json\/wp\/v2\/media?parent=25195"}],"curies":[{"name":"wp","href":"https:\/\/api.w.org\/{rel}","templated":true}]}}