{"id":25253,"date":"2025-03-04T16:43:06","date_gmt":"2025-03-04T15:43:06","guid":{"rendered":"https:\/\/qooant.com\/politica-de-privactitat\/"},"modified":"2025-12-23T13:02:21","modified_gmt":"2025-12-23T12:02:21","slug":"politica-de-privacidad","status":"publish","type":"page","link":"https:\/\/qooant.com\/es\/politica-de-privacidad\/","title":{"rendered":"Pol\u00edtica de Privacidad"},"content":{"rendered":"\t\t<div data-elementor-type=\"wp-page\" data-elementor-id=\"25253\" class=\"elementor elementor-25253 elementor-24893\">\n\t\t\t\t<div class=\"elementor-element elementor-element-a0a1caf e-flex e-con-boxed e-con e-parent\" data-id=\"a0a1caf\" data-element_type=\"container\">\n\t\t\t\t\t<div class=\"e-con-inner\">\n\t\t\t\t<div class=\"elementor-element elementor-element-73376b2 elementor-widget elementor-widget-heading\" data-id=\"73376b2\" data-element_type=\"widget\" data-widget_type=\"heading.default\">\n\t\t\t\t<div class=\"elementor-widget-container\">\n\t\t\t\t\t<h2 class=\"elementor-heading-title elementor-size-default\">Pol\u00edtica de Privacidad<\/h2>\t\t\t\t<\/div>\n\t\t\t\t<\/div>\n\t\t\t\t\t<\/div>\n\t\t\t\t<\/div>\n\t\t<div class=\"elementor-element elementor-element-d76c08e e-flex e-con-boxed e-con e-parent\" data-id=\"d76c08e\" data-element_type=\"container\">\n\t\t\t\t\t<div class=\"e-con-inner\">\n\t\t\t\t<div class=\"elementor-element elementor-element-ae4e5b5 elementor-widget elementor-widget-text-editor\" data-id=\"ae4e5b5\" data-element_type=\"widget\" data-widget_type=\"text-editor.default\">\n\t\t\t\t<div class=\"elementor-widget-container\">\n\t\t\t\t\t\t\t\t\t<p><strong style=\"font-style: inherit; text-align: var(--text-align); background-color: var(--ast-global-color-4); color: var(--ast-global-color-3);\">1. Responsable del tratamiento de datos <\/strong><span style=\"font-style: inherit; font-weight: inherit; text-align: var(--text-align); background-color: var(--ast-global-color-4); color: var(--ast-global-color-3);\">De acuerdo con la normativa de protecci\u00f3n de datos vigente, se informa que el responsable del tratamiento de los datos recogidos a trav\u00e9s del sitio web <\/span><strong style=\"font-style: inherit; text-align: var(--text-align); background-color: var(--ast-global-color-4); color: var(--ast-global-color-3);\">qooant.com<\/strong><span style=\"font-style: inherit; font-weight: inherit; text-align: var(--text-align); background-color: var(--ast-global-color-4); color: var(--ast-global-color-3);\"> (en adelante, \u00abel Sitio Web\u00bb) es:<\/span><\/p>\n<ul>\n<li><strong>Titular<\/strong>: Qooant<\/li>\n<li><strong>Domicilio<\/strong>: [Afegir adre\u00e7a]<\/li>\n<li><strong>Email de contacto:<\/strong> [Afegir email]<\/li>\n<li><strong>NIF\/CIF<\/strong>: [Afegir NIF\/CIF]<\/li>\n<\/ul>\n<p><strong>2. Datos recogidos y finalidad del tratamiento<\/strong> Los datos personales que se pueden recoger a trav\u00e9s del Sitio Web se utilizan para las siguientes finalidades:<\/p>\n<ul>\n<li>Gestionar consultas o solicitudes realizadas por los usuarios.<\/li>\n<li>Enviar comunicaciones relacionadas con los servicios ofrecidos por Qooant (s\u00f3lo si el usuario ha dado su consentimiento).<\/li>\n<li>Cumplir con obligaciones legales.<\/li>\n<\/ul>\n<p>Los datos no ser\u00e1n utilizados para fines distintos a los especificados en esta Pol\u00edtica de Privacidad.<\/p>\n<p><strong>3. Base legal para el tratamiento<\/strong> El tratamiento de los datos personales se basa en:<\/p>\n<ul>\n<li>The execution of a contract or the provision of a service requested by the user.<\/li>\n<li>User consent in cases where it is necessary.<\/li>\n<li>El desempe\u00f1o de obligaciones legales aplicables a Qooant.<\/li>\n<\/ul>\n<p><strong>4. Conservaci\u00f3n de los datos<\/strong> Los datos personales se conservar\u00e1n durante el tiempo necesario para cumplir con la finalidad para la que fueron recogidos y para determinar posibles responsabilidades derivadas del tratamiento. En caso de comunicaciones comerciales, se conservar\u00e1n hasta que el usuario solicite su baja. <\/p>\n<p><strong>5. Destinatarios de los datos<\/strong> Los datos personales no ser\u00e1n cedidos a terceros salvo en los casos en que sea necesario para el cumplimiento de una obligaci\u00f3n legal o para la prestaci\u00f3n de los servicios contratados.<\/p>\n<p><strong>6. Derechos de los usuarios<\/strong> Los usuarios tienen derecho a:<\/p>\n<ul>\n<li>Acceder a sus datos personales.<\/li>\n<li>Solicitar su rectificaci\u00f3n o supresi\u00f3n.<\/li>\n<li>Oponerse a su tratamiento.<\/li>\n<li>Solicitar la limitaci\u00f3n del tratamiento.<\/li>\n<li>Solicitar la portabilidad de los datos.<\/li>\n<\/ul>\n<p>Para ejercitar estos derechos, el usuario puede contactar a trav\u00e9s del correo electr\u00f3nico <strong>[Afegir email]<\/strong>, adjuntando una copia de su documento de identidad.<\/p>\n<p><strong>7. Seguridad de los datos<\/strong> Qooant adopta las medidas t\u00e9cnicas y organizativas necesarias para garantizar la seguridad de los datos personales y evitar su alteraci\u00f3n, p\u00e9rdida o acceso no autorizado.<\/p>\n<p><strong>8. Modificaciones de la Pol\u00edtica de Privacidad<\/strong> Qooant se reserva el derecho a modificar esta Pol\u00edtica de Privacidad para adaptarla a novedades legislativas o jurisprudenciales. Cualquier cambio ser\u00e1 comunicado a los usuarios a trav\u00e9s del Sitio Web. <\/p>\n<p><strong>9. Legislaci\u00f3n aplicable y jurisdicci\u00f3n<\/strong> Esta Pol\u00edtica de Privacidad se rige por la legislaci\u00f3n espa\u00f1ola. Cualquier controversia se resolver\u00e1 ante los tribunales de [Ciutat]. <\/p>\t\t\t\t\t\t\t\t<\/div>\n\t\t\t\t<\/div>\n\t\t\t\t\t<\/div>\n\t\t\t\t<\/div>\n\t\t\t\t<\/div>\n\t\t","protected":false},"excerpt":{"rendered":"<p>Pol\u00edtica de Privacidad 1. Responsable del tratamiento de datos De acuerdo con la normativa de protecci\u00f3n de datos vigente, se informa que el responsable del tratamiento de los datos recogidos a trav\u00e9s del sitio web qooant.com (en adelante, \u00abel Sitio Web\u00bb) es: Titular: Qooant Domicilio: [Afegir adre\u00e7a] Email de contacto: [Afegir email] NIF\/CIF: [Afegir NIF\/CIF] [&hellip;]<\/p>\n","protected":false},"author":1,"featured_media":0,"parent":0,"menu_order":0,"comment_status":"closed","ping_status":"closed","template":"","meta":{"site-sidebar-layout":"no-sidebar","site-content-layout":"page-builder","ast-site-content-layout":"full-width-container","site-content-style":"default","site-sidebar-style":"default","ast-global-header-display":"","ast-banner-title-visibility":"","ast-main-header-display":"","ast-hfb-above-header-display":"","ast-hfb-below-header-display":"","ast-hfb-mobile-header-display":"","site-post-title":"disabled","ast-breadcrumbs-content":"","ast-featured-img":"disabled","footer-sml-layout":"","theme-transparent-header-meta":"default","adv-header-id-meta":"","stick-header-meta":"","header-above-stick-meta":"","header-main-stick-meta":"","header-below-stick-meta":"","astra-migrate-meta-layouts":"set","ast-page-background-enabled":"default","ast-page-background-meta":{"desktop":{"background-color":"","background-image":"","background-repeat":"repeat","background-position":"center center","background-size":"auto","background-attachment":"scroll","background-type":"","background-media":"","overlay-type":"","overlay-color":"","overlay-opacity":"","overlay-gradient":""},"tablet":{"background-color":"","background-image":"","background-repeat":"repeat","background-position":"center center","background-size":"auto","background-attachment":"scroll","background-type":"","background-media":"","overlay-type":"","overlay-color":"","overlay-opacity":"","overlay-gradient":""},"mobile":{"background-color":"","background-image":"","background-repeat":"repeat","background-position":"center center","background-size":"auto","background-attachment":"scroll","background-type":"","background-media":"","overlay-type":"","overlay-color":"","overlay-opacity":"","overlay-gradient":""}},"ast-content-background-meta":{"desktop":{"background-color":"var(--ast-global-color-5)","background-image":"","background-repeat":"repeat","background-position":"center center","background-size":"auto","background-attachment":"scroll","background-type":"","background-media":"","overlay-type":"","overlay-color":"","overlay-opacity":"","overlay-gradient":""},"tablet":{"background-color":"var(--ast-global-color-5)","background-image":"","background-repeat":"repeat","background-position":"center center","background-size":"auto","background-attachment":"scroll","background-type":"","background-media":"","overlay-type":"","overlay-color":"","overlay-opacity":"","overlay-gradient":""},"mobile":{"background-color":"var(--ast-global-color-5)","background-image":"","background-repeat":"repeat","background-position":"center center","background-size":"auto","background-attachment":"scroll","background-type":"","background-media":"","overlay-type":"","overlay-color":"","overlay-opacity":"","overlay-gradient":""}},"footnotes":""},"class_list":["post-25253","page","type-page","status-publish","hentry"],"_links":{"self":[{"href":"https:\/\/qooant.com\/es\/wp-json\/wp\/v2\/pages\/25253","targetHints":{"allow":["GET"]}}],"collection":[{"href":"https:\/\/qooant.com\/es\/wp-json\/wp\/v2\/pages"}],"about":[{"href":"https:\/\/qooant.com\/es\/wp-json\/wp\/v2\/types\/page"}],"author":[{"embeddable":true,"href":"https:\/\/qooant.com\/es\/wp-json\/wp\/v2\/users\/1"}],"replies":[{"embeddable":true,"href":"https:\/\/qooant.com\/es\/wp-json\/wp\/v2\/comments?post=25253"}],"version-history":[{"count":8,"href":"https:\/\/qooant.com\/es\/wp-json\/wp\/v2\/pages\/25253\/revisions"}],"predecessor-version":[{"id":25740,"href":"https:\/\/qooant.com\/es\/wp-json\/wp\/v2\/pages\/25253\/revisions\/25740"}],"wp:attachment":[{"href":"https:\/\/qooant.com\/es\/wp-json\/wp\/v2\/media?parent=25253"}],"curies":[{"name":"wp","href":"https:\/\/api.w.org\/{rel}","templated":true}]}}