{"id":25410,"date":"2025-03-04T16:43:21","date_gmt":"2025-03-04T15:43:21","guid":{"rendered":"https:\/\/qooant.com\/politica-de-cookies\/"},"modified":"2025-12-23T13:02:17","modified_gmt":"2025-12-23T12:02:17","slug":"politica-de-cookies","status":"publish","type":"page","link":"https:\/\/qooant.com\/es\/politica-de-cookies\/","title":{"rendered":"Politica de Cookies"},"content":{"rendered":"\t\t<div data-elementor-type=\"wp-page\" data-elementor-id=\"25410\" class=\"elementor elementor-25410 elementor-24897\">\n\t\t\t\t<div class=\"elementor-element elementor-element-d4f8acc e-flex e-con-boxed e-con e-parent\" data-id=\"d4f8acc\" data-element_type=\"container\" data-e-type=\"container\">\n\t\t\t\t\t<div class=\"e-con-inner\">\n\t\t\t\t\t<\/div>\n\t\t\t\t<\/div>\n\t\t<div class=\"elementor-element elementor-element-aa9fe5c e-flex e-con-boxed e-con e-parent\" data-id=\"aa9fe5c\" data-element_type=\"container\" data-e-type=\"container\">\n\t\t\t\t\t<div class=\"e-con-inner\">\n\t\t\t\t<div class=\"elementor-element elementor-element-5a108ed elementor-widget elementor-widget-heading\" data-id=\"5a108ed\" data-element_type=\"widget\" data-e-type=\"widget\" data-widget_type=\"heading.default\">\n\t\t\t\t<div class=\"elementor-widget-container\">\n\t\t\t\t\t<h2 class=\"elementor-heading-title elementor-size-default\">Politica de cookies<\/h2>\t\t\t\t<\/div>\n\t\t\t\t<\/div>\n\t\t\t\t\t<\/div>\n\t\t\t\t<\/div>\n\t\t<div class=\"elementor-element elementor-element-c461eb6 e-flex e-con-boxed e-con e-parent\" data-id=\"c461eb6\" data-element_type=\"container\" data-e-type=\"container\">\n\t\t\t\t\t<div class=\"e-con-inner\">\n\t\t\t\t<div class=\"elementor-element elementor-element-47da6c3 elementor-widget elementor-widget-text-editor\" data-id=\"47da6c3\" data-element_type=\"widget\" data-e-type=\"widget\" data-widget_type=\"text-editor.default\">\n\t\t\t\t<div class=\"elementor-widget-container\">\n\t\t\t\t\t\t\t\t\t<p><strong style=\"font-style: inherit; text-align: var(--text-align); background-color: var(--ast-global-color-4); color: var(--ast-global-color-3);\">1. \u00bfQu\u00e9 son las cookies?<\/strong><span style=\"font-style: inherit; font-weight: inherit; text-align: var(--text-align); background-color: var(--ast-global-color-4); color: var(--ast-global-color-3);\"> Una cookie es un archivo que se descarga en el dispositivo del usuario cuando accede a determinados sitios web. Las cookies permiten a un sitio web, entre otras cosas, almacenar y recuperar informaci\u00f3n sobre los h\u00e1bitos de navegaci\u00f3n de un usuario o de su dispositivo y, dependiendo de la informaci\u00f3n que contengan y de c\u00f3mo se utilice el dispositivo, pueden utilizarse para reconocer al usuario. <\/span><\/p>\n<p><strong>2. Tipos de cookies utilizadas<\/strong> Este sitio web utiliza los siguientes tipos de cookies:<\/p>\n<ul>\n<li><strong>Cookies t\u00e9cnicas<\/strong>: Necesarias para el funcionamiento del sitio web y la prestaci\u00f3n de los servicios ofrecidos.<\/li>\n<li><strong>Cookies de an\u00e1lisis<\/strong>: Permiten analizar el comportamiento de los usuarios en el sitio web y mejorar la experiencia de usuario.<\/li>\n<li><strong>Cookies de personalizaci\u00f3n<\/strong>: Permiten recordar preferencias del usuario, como el idioma o la configuraci\u00f3n regional.<\/li>\n<li><strong>Cookies publicitarias<\/strong>: Gestionan los espacios publicitarios del sitio web y adaptan el contenido publicitario a los intereses del usuario.<\/li>\n<\/ul>\n<p><strong>3. Cookies de terceros<\/strong> Este sitio web puede utilizar servicios de terceros que recopilan informaci\u00f3n con fines estad\u00edsticos, de uso del sitio web y para la prestaci\u00f3n de otros servicios relacionados con la actividad del sitio y otros servicios de Internet. Entre estos proveedores de terceros se pueden incluir: <\/p>\n<ul>\n<li>Google Analytics (para analizar el comportamiento de navegaci\u00f3n de los usuarios)<\/li>\n<li>Google Ads (para personalizar la publicidad)<\/li>\n<li>Redes sociales como Facebook, Twitter o LinkedIn (si se comparten contenidos directamente desde el sitio web)<\/li>\n<\/ul>\n<p><strong>4. Aceptaci\u00f3n o configuraci\u00f3n de cookies<\/strong> Al acceder al sitio web por primera vez, se mostrar\u00e1 un aviso en el que se podr\u00e1 aceptar el uso de cookies o configurarlas seg\u00fan las preferencias del usuario. En cualquier momento, el usuario puede cambiar o retirar su consentimiento a trav\u00e9s de la configuraci\u00f3n del navegador. <\/p>\n<p><strong>5. \u00bfC\u00f3mo desactivar o eliminar cookies?<\/strong> El usuario puede permitir, bloquear o eliminar las cookies instaladas en su dispositivo mediante la configuraci\u00f3n de las opciones del navegador:<\/p>\n<ul>\n<li><strong>Google Chrome<\/strong>: <a href=\"https:\/\/support.google.com\/chrome\/answer\/95647?hl=ca\" target=\"_blank\" rel=\"noopener\">Enlace a la configuraci\u00f3n de cookies<\/a><\/li>\n<li><strong>Mozilla Firefox<\/strong>: <a href=\"https:\/\/support.mozilla.org\/ca\/kb\/activar-i-desactivar-les-galetes\" target=\"_blank\" rel=\"noopener\">Enlace a la configuraci\u00f3n de cookies<\/a><\/li>\n<li><strong>Safari<\/strong>: <a href=\"https:\/\/support.apple.com\/ca-es\/guide\/safari\/sfri11471\/mac\" target=\"_blank\" rel=\"noopener\">Enlace a la configuraci\u00f3n de cookies<\/a><\/li>\n<li><strong>Microsoft Edge<\/strong>: <a href=\"https:\/\/support.microsoft.com\/ca-es\/help\/4027947\/microsoft-edge-delete-cookies\" target=\"_blank\" rel=\"noopener\">Enlace a la configuraci\u00f3n de cookies<\/a><\/li>\n<\/ul>\n<p><strong>6. Modificaciones en la Pol\u00edtica de Cookies<\/strong> Qooant se reserva el derecho a modificar esta Pol\u00edtica de Cookies para adaptarla a novedades legislativas o jurisprudenciales. Cualquier cambio ser\u00e1 notificado a los usuarios mediante el sitio web. <\/p>\n<p><strong>7. Contacto<\/strong> Para cualquier duda o consulta sobre esta Pol\u00edtica de Cookies, puedes contactarnos en <strong>[Afegir email]<\/strong>.<\/p>\t\t\t\t\t\t\t\t<\/div>\n\t\t\t\t<\/div>\n\t\t\t\t\t<\/div>\n\t\t\t\t<\/div>\n\t\t\t\t<\/div>\n\t\t","protected":false},"excerpt":{"rendered":"<p>Politica de cookies 1. \u00bfQu\u00e9 son las cookies? Una cookie es un archivo que se descarga en el dispositivo del usuario cuando accede a determinados sitios web. Las cookies permiten a un sitio web, entre otras cosas, almacenar y recuperar informaci\u00f3n sobre los h\u00e1bitos de navegaci\u00f3n de un usuario o de su dispositivo y, dependiendo [&hellip;]<\/p>\n","protected":false},"author":1,"featured_media":0,"parent":0,"menu_order":0,"comment_status":"closed","ping_status":"closed","template":"","meta":{"site-sidebar-layout":"no-sidebar","site-content-layout":"page-builder","ast-site-content-layout":"full-width-container","site-content-style":"default","site-sidebar-style":"default","ast-global-header-display":"","ast-banner-title-visibility":"","ast-main-header-display":"","ast-hfb-above-header-display":"","ast-hfb-below-header-display":"","ast-hfb-mobile-header-display":"","site-post-title":"disabled","ast-breadcrumbs-content":"","ast-featured-img":"disabled","footer-sml-layout":"","ast-disable-related-posts":"","theme-transparent-header-meta":"default","adv-header-id-meta":"","stick-header-meta":"","header-above-stick-meta":"","header-main-stick-meta":"","header-below-stick-meta":"","astra-migrate-meta-layouts":"set","ast-page-background-enabled":"default","ast-page-background-meta":{"desktop":{"background-color":"","background-image":"","background-repeat":"repeat","background-position":"center center","background-size":"auto","background-attachment":"scroll","background-type":"","background-media":"","overlay-type":"","overlay-color":"","overlay-opacity":"","overlay-gradient":""},"tablet":{"background-color":"","background-image":"","background-repeat":"repeat","background-position":"center center","background-size":"auto","background-attachment":"scroll","background-type":"","background-media":"","overlay-type":"","overlay-color":"","overlay-opacity":"","overlay-gradient":""},"mobile":{"background-color":"","background-image":"","background-repeat":"repeat","background-position":"center center","background-size":"auto","background-attachment":"scroll","background-type":"","background-media":"","overlay-type":"","overlay-color":"","overlay-opacity":"","overlay-gradient":""}},"ast-content-background-meta":{"desktop":{"background-color":"var(--ast-global-color-5)","background-image":"","background-repeat":"repeat","background-position":"center center","background-size":"auto","background-attachment":"scroll","background-type":"","background-media":"","overlay-type":"","overlay-color":"","overlay-opacity":"","overlay-gradient":""},"tablet":{"background-color":"var(--ast-global-color-5)","background-image":"","background-repeat":"repeat","background-position":"center center","background-size":"auto","background-attachment":"scroll","background-type":"","background-media":"","overlay-type":"","overlay-color":"","overlay-opacity":"","overlay-gradient":""},"mobile":{"background-color":"var(--ast-global-color-5)","background-image":"","background-repeat":"repeat","background-position":"center center","background-size":"auto","background-attachment":"scroll","background-type":"","background-media":"","overlay-type":"","overlay-color":"","overlay-opacity":"","overlay-gradient":""}},"footnotes":""},"class_list":["post-25410","page","type-page","status-publish","hentry"],"_links":{"self":[{"href":"https:\/\/qooant.com\/es\/wp-json\/wp\/v2\/pages\/25410","targetHints":{"allow":["GET"]}}],"collection":[{"href":"https:\/\/qooant.com\/es\/wp-json\/wp\/v2\/pages"}],"about":[{"href":"https:\/\/qooant.com\/es\/wp-json\/wp\/v2\/types\/page"}],"author":[{"embeddable":true,"href":"https:\/\/qooant.com\/es\/wp-json\/wp\/v2\/users\/1"}],"replies":[{"embeddable":true,"href":"https:\/\/qooant.com\/es\/wp-json\/wp\/v2\/comments?post=25410"}],"version-history":[{"count":0,"href":"https:\/\/qooant.com\/es\/wp-json\/wp\/v2\/pages\/25410\/revisions"}],"wp:attachment":[{"href":"https:\/\/qooant.com\/es\/wp-json\/wp\/v2\/media?parent=25410"}],"curies":[{"name":"wp","href":"https:\/\/api.w.org\/{rel}","templated":true}]}}