{"id":25412,"date":"2025-03-04T16:44:26","date_gmt":"2025-03-04T15:44:26","guid":{"rendered":"https:\/\/qooant.com\/declaracion-de-accesibilidad\/"},"modified":"2025-03-07T18:19:36","modified_gmt":"2025-03-07T17:19:36","slug":"declaracion-de-accesibilidad","status":"publish","type":"page","link":"https:\/\/qooant.com\/es\/declaracion-de-accesibilidad\/","title":{"rendered":"Declaraci\u00f3n de Accesibilidad"},"content":{"rendered":"\t\t<div data-elementor-type=\"wp-page\" data-elementor-id=\"25412\" class=\"elementor elementor-25412 elementor-24905\">\n\t\t\t\t<div class=\"elementor-element elementor-element-9394d66 e-flex e-con-boxed e-con e-parent\" data-id=\"9394d66\" data-element_type=\"container\" data-e-type=\"container\">\n\t\t\t\t\t<div class=\"e-con-inner\">\n\t\t\t\t<div class=\"elementor-element elementor-element-575ece2 elementor-widget elementor-widget-heading\" data-id=\"575ece2\" data-element_type=\"widget\" data-e-type=\"widget\" data-widget_type=\"heading.default\">\n\t\t\t\t<div class=\"elementor-widget-container\">\n\t\t\t\t\t<h2 class=\"elementor-heading-title elementor-size-default\">Declaraci\u00f3n de Accesibilidad<\/h2>\t\t\t\t<\/div>\n\t\t\t\t<\/div>\n\t\t\t\t\t<\/div>\n\t\t\t\t<\/div>\n\t\t<div class=\"elementor-element elementor-element-cb4a7ed e-flex e-con-boxed e-con e-parent\" data-id=\"cb4a7ed\" data-element_type=\"container\" data-e-type=\"container\">\n\t\t\t\t\t<div class=\"e-con-inner\">\n\t\t\t\t<div class=\"elementor-element elementor-element-1d34284 elementor-widget elementor-widget-text-editor\" data-id=\"1d34284\" data-element_type=\"widget\" data-e-type=\"widget\" data-widget_type=\"text-editor.default\">\n\t\t\t\t<div class=\"elementor-widget-container\">\n\t\t\t\t\t\t\t\t\t<p><strong style=\"font-style: inherit; text-align: var(--text-align); background-color: var(--ast-global-color-4); color: var(--ast-global-color-3);\">1. Compromiso con la accesibilidad <\/strong><span style=\"font-style: inherit; font-weight: inherit; text-align: var(--text-align); background-color: var(--ast-global-color-4); color: var(--ast-global-color-3);\">Qooant se compromete a garantizar la accesibilidad de su sitio web <\/span><strong style=\"font-style: inherit; text-align: var(--text-align); background-color: var(--ast-global-color-4); color: var(--ast-global-color-3);\">qooant.com<\/strong><span style=\"font-style: inherit; font-weight: inherit; text-align: var(--text-align); background-color: var(--ast-global-color-4); color: var(--ast-global-color-3);\"> de acuerdo a la normativa vigente y los principios de accesibilidad universal y dise\u00f1o para todos.<\/span><\/p>\n<p>Esta declaraci\u00f3n de accesibilidad se aplica a todo el contenido presente en el Sitio Web.<\/p>\n<p><strong>2. Cumplimiento de las normativas<\/strong> Este sitio web ha sido desarrollado siguiendo las pautas de accesibilidad establecidas por la <strong>Web Content Accessibility Guidelines (WCAG) 2.1<\/strong>, nivel AA, de acuerdo con el <strong>Real decreto 1112\/2018<\/strong>, sobre accesibilidad de los sitios web del sector p\u00fablico y entidades privadas que ofrecen servicios esenciales al p\u00fablico.<\/p>\n<p><strong>3. Situaci\u00f3n de cumplimiento<\/strong> Qooant.com se encuentra <strong>parcialmente conforme<\/strong> a las WCAG 2.1 nivel AA, debido a las no conformidades y excepciones que se detallan a continuaci\u00f3n.<\/p>\n<p><strong>4. Contenido no accesible<\/strong> A pesar de nuestros esfuerzos por garantizar la accesibilidad del Sitio Web, pueden existir algunas limitaciones, como:<\/p>\n<ul>\n<li>Documentos PDF u otros formatos que podr\u00edan no ser completamente accesibles.<\/li>\n<li>Algunos elementos multimedia pueden no disponer de transcripci\u00f3n o audiodescripci\u00f3n.<\/li>\n<li>Algunas funcionalidades pueden requerir ajustes adicionales para mejorar la navegabilidad mediante teclado.<\/li>\n<\/ul>\n<p>Estamos trabajando constantemente para mejorar estos aspectos y garantizar una experiencia inclusiva para todos los usuarios.<\/p>\n<p><strong>5. Preparaci\u00f3n de la declaraci\u00f3n de accesibilidad<\/strong> Esta declaraci\u00f3n de accesibilidad ha sido elaborada por el <strong>[afegir data]<\/strong> mediante una autoevaluaci\u00f3n realizada por Qooant.<\/p>\n<p>La \u00faltima revisi\u00f3n de esta declaraci\u00f3n se llev\u00f3 a cabo el <strong>[afegir data]<\/strong>.<\/p>\n<p><strong>6. Alternativas y contacto<\/strong> Si tienes dificultades para acceder a alg\u00fan contenido o necesitas informaci\u00f3n en un formato alternativo, puedes contactarnos a trav\u00e9s de:<\/p>\n<ul>\n<li>Correo electr\u00f3nico: <strong>[Afegir email]<\/strong><\/li>\n<li>Formulario de contacto disponible en el sitio web.<\/li>\n<\/ul>\n<p>Haremos todo lo posible por proporcionarte la informaci\u00f3n en un formato accesible.<\/p>\n<p><strong>7. Procedimiento de aplicaci\u00f3n<\/strong> Si despu\u00e9s de contactar con nosotros consideras que la respuesta no es satisfactoria, puedes presentar una reclamaci\u00f3n formal ante el <strong>Defensor del Pueblo<\/strong> o el organismo competente en materia de accesibilidad digital en Espa\u00f1a.<\/p>\n<p><strong>8. Mejoras y compromisos futuros<\/strong> Qooant trabaja de forma constante para mejorar la accesibilidad de su sitio web y garantizar que todos los usuarios, independientemente de sus capacidades, puedan acceder a la informaci\u00f3n y servicios sin barreras.<\/p>\n<p>Continuaremos revisando y actualizando nuestro sitio web para asegurar el cumplimiento de la normativa y ofrecerle una experiencia inclusiva para todos.<\/p>\t\t\t\t\t\t\t\t<\/div>\n\t\t\t\t<\/div>\n\t\t\t\t\t<\/div>\n\t\t\t\t<\/div>\n\t\t\t\t<\/div>\n\t\t","protected":false},"excerpt":{"rendered":"<p>Declaraci\u00f3n de Accesibilidad 1. Compromiso con la accesibilidad Qooant se compromete a garantizar la accesibilidad de su sitio web qooant.com de acuerdo a la normativa vigente y los principios de accesibilidad universal y dise\u00f1o para todos. Esta declaraci\u00f3n de accesibilidad se aplica a todo el contenido presente en el Sitio Web. 2. Cumplimiento de las [&hellip;]<\/p>\n","protected":false},"author":1,"featured_media":0,"parent":0,"menu_order":0,"comment_status":"closed","ping_status":"closed","template":"","meta":{"site-sidebar-layout":"no-sidebar","site-content-layout":"page-builder","ast-site-content-layout":"full-width-container","site-content-style":"default","site-sidebar-style":"default","ast-global-header-display":"","ast-banner-title-visibility":"","ast-main-header-display":"","ast-hfb-above-header-display":"","ast-hfb-below-header-display":"","ast-hfb-mobile-header-display":"","site-post-title":"disabled","ast-breadcrumbs-content":"","ast-featured-img":"disabled","footer-sml-layout":"","ast-disable-related-posts":"","theme-transparent-header-meta":"default","adv-header-id-meta":"","stick-header-meta":"","header-above-stick-meta":"","header-main-stick-meta":"","header-below-stick-meta":"","astra-migrate-meta-layouts":"default","ast-page-background-enabled":"default","ast-page-background-meta":{"desktop":{"background-color":"","background-image":"","background-repeat":"repeat","background-position":"center center","background-size":"auto","background-attachment":"scroll","background-type":"","background-media":"","overlay-type":"","overlay-color":"","overlay-opacity":"","overlay-gradient":""},"tablet":{"background-color":"","background-image":"","background-repeat":"repeat","background-position":"center center","background-size":"auto","background-attachment":"scroll","background-type":"","background-media":"","overlay-type":"","overlay-color":"","overlay-opacity":"","overlay-gradient":""},"mobile":{"background-color":"","background-image":"","background-repeat":"repeat","background-position":"center center","background-size":"auto","background-attachment":"scroll","background-type":"","background-media":"","overlay-type":"","overlay-color":"","overlay-opacity":"","overlay-gradient":""}},"ast-content-background-meta":{"desktop":{"background-color":"var(--ast-global-color-5)","background-image":"","background-repeat":"repeat","background-position":"center center","background-size":"auto","background-attachment":"scroll","background-type":"","background-media":"","overlay-type":"","overlay-color":"","overlay-opacity":"","overlay-gradient":""},"tablet":{"background-color":"var(--ast-global-color-5)","background-image":"","background-repeat":"repeat","background-position":"center center","background-size":"auto","background-attachment":"scroll","background-type":"","background-media":"","overlay-type":"","overlay-color":"","overlay-opacity":"","overlay-gradient":""},"mobile":{"background-color":"var(--ast-global-color-5)","background-image":"","background-repeat":"repeat","background-position":"center center","background-size":"auto","background-attachment":"scroll","background-type":"","background-media":"","overlay-type":"","overlay-color":"","overlay-opacity":"","overlay-gradient":""}},"footnotes":""},"class_list":["post-25412","page","type-page","status-publish","hentry"],"_links":{"self":[{"href":"https:\/\/qooant.com\/es\/wp-json\/wp\/v2\/pages\/25412","targetHints":{"allow":["GET"]}}],"collection":[{"href":"https:\/\/qooant.com\/es\/wp-json\/wp\/v2\/pages"}],"about":[{"href":"https:\/\/qooant.com\/es\/wp-json\/wp\/v2\/types\/page"}],"author":[{"embeddable":true,"href":"https:\/\/qooant.com\/es\/wp-json\/wp\/v2\/users\/1"}],"replies":[{"embeddable":true,"href":"https:\/\/qooant.com\/es\/wp-json\/wp\/v2\/comments?post=25412"}],"version-history":[{"count":0,"href":"https:\/\/qooant.com\/es\/wp-json\/wp\/v2\/pages\/25412\/revisions"}],"wp:attachment":[{"href":"https:\/\/qooant.com\/es\/wp-json\/wp\/v2\/media?parent=25412"}],"curies":[{"name":"wp","href":"https:\/\/api.w.org\/{rel}","templated":true}]}}